{"id":7751,"date":"2023-11-13T10:33:36","date_gmt":"2023-11-13T10:33:36","guid":{"rendered":"https:\/\/loydtea.com\/plic-simplu\/"},"modified":"2024-11-07T10:21:48","modified_gmt":"2024-11-07T10:21:48","slug":"plic-simplu","status":"publish","type":"page","link":"https:\/\/loydtea.com\/ro\/produse\/plic-simplu\/","title":{"rendered":"PLIC SIMPLU"},"content":{"rendered":"\t\t<div data-elementor-type=\"wp-page\" data-elementor-id=\"7751\" class=\"elementor elementor-7751 elementor-3883\" data-elementor-post-type=\"page\">\n\t\t\t\t<div class=\"elementor-element elementor-element-d98a3dc e-flex e-con-boxed e-con e-parent\" data-id=\"d98a3dc\" data-element_type=\"container\" data-e-type=\"container\" data-settings=\"{&quot;background_background&quot;:&quot;classic&quot;}\">\n\t\t\t\t\t<div class=\"e-con-inner\">\n\t\t<div class=\"elementor-element elementor-element-933d3e8 e-con-full e-flex e-con e-child\" data-id=\"933d3e8\" data-element_type=\"container\" data-e-type=\"container\" data-settings=\"{&quot;background_background&quot;:&quot;classic&quot;}\">\n\t\t\t\t<div class=\"elementor-element elementor-element-0699689 elementor-widget elementor-widget-button\" data-id=\"0699689\" data-element_type=\"widget\" data-e-type=\"widget\" data-widget_type=\"button.default\">\n\t\t\t\t<div class=\"elementor-widget-container\">\n\t\t\t\t\t\t\t\t\t<div class=\"elementor-button-wrapper\">\n\t\t\t\t\t<a class=\"elementor-button elementor-button-link elementor-size-lg\" href=\"https:\/\/loydtea.com\/ro\/produse\/piramide\/\">\n\t\t\t\t\t\t<span class=\"elementor-button-content-wrapper\">\n\t\t\t\t\t\t<span class=\"elementor-button-icon\">\n\t\t\t\t<svg xmlns=\"http:\/\/www.w3.org\/2000\/svg\" id=\"uuid-4ceac509-5578-446b-9437-1b1f75a7c02c\" viewBox=\"0 0 90 90\"><defs><style>.uuid-ef8c5055-4e2e-4b02-a3f0-b185305c0328{stroke-width:0px;}<\/style><\/defs><path class=\"uuid-ef8c5055-4e2e-4b02-a3f0-b185305c0328\" d=\"m80.8,44.7c2.8-2,4.4-4.8,4.1-7.6-.3-2.8-2.5-4.5-3.4-5.2-4.1-3.1-9.1-2.3-11.3-1.9-4.7.8-8.3,3.1-10.7,5.3l-12.4-17.7c-.9-1.2-1.9-2-2.8-2.4.3-1.5.3-3.6-.5-5.7-1.3-3.5-4.7-7.1-8.8-6.7-2.8.2-5.5,2.2-6.5,4.8-.7,1.9-.3,3.2,0,4.6.3,1.1.7,2.2.6,4.1,0,1.4-.3,2.1-.6,3-.3,1-.7,2.1-.7,3.9,0,2.1.3,4.2,1,6.3-10.9,12.7-24.4,28.8-26.1,31.7-.3.5-1.3,2.2-1,4.4.4,2.9,2.6,4.5,3.4,4.9l31.6,15.4c.9.5,2.5,1.1,4.6,1.1s.9,0,1.3,0c2.2-.3,3.8-1.3,4.7-2.1l17.8-14.8c1,.5,1.9,1.1,2.9,1.6s2.1.3,2.8-.5c5.6-6.8,11.2-13.7,16.9-20.5,1-1.2.5-2.9-.9-3.5-2-.9-4.1-1.7-6.1-2.6ZM31.6,11.4c-.4-1.2-.5-1.7-.2-2.5.6-1.5,2.2-2.7,3.8-2.8,2.7-.2,4.9,2.8,5.6,4.7.7,1.9.5,3.7.2,4.8h0c0,0-.2,0-.2.2l-.2.2c-.3.3-.5.6-.8.9-2.1,2.4-5.1,5.9-8.5,9.9-.2-1.1-.4-2.2-.3-3.3,0-1.4.3-2.1.6-3,.3-1,.7-2.1.7-3.9,0-2.3-.4-3.9-.7-5.1Zm9.1,71.8c-1-.1-1.7-.4-2.2-.7l-31.5-15.4c-.1,0-1.2-.7-1.3-2,0-.8.4-1.6.5-1.9,1-1.8,10-12.9,31.7-38.1-.9,11.7,2.4,26.3,2.5,27,2.2,9.6,2.3,20,.3,31Zm30.1-23.3c-.3,1.3-1.5,1.8-1.6,1.8l-24.3,20.2c1.7-10.8,1.5-21.1-.7-30.6,0-.2-4.6-20.2-1.6-31.2.1-.4.2-.7.3-.9.2.2.5.5.9.9l26.3,37.4c0,0,.9,1.1.6,2.3Zm6.3-16.7c-1.9-.8-3.7-1.6-5.5-2.3s-1.4-.2-2.1.2c-1.4.9-2.8,1.8-4.2,2.6l-4-5.6c2.1-2,5.2-4.1,9.4-4.8,1.9-.3,5.8-1,8.8,1.3.6.5,2,1.5,2.2,3,.2,2-1.6,4.3-4.6,5.7Z\"><\/path><\/svg>\t\t\t<\/span>\n\t\t\t\t\t\t\t\t\t<span class=\"elementor-button-text\">PIRAMIDE<\/span>\n\t\t\t\t\t<\/span>\n\t\t\t\t\t<\/a>\n\t\t\t\t<\/div>\n\t\t\t\t\t\t\t\t<\/div>\n\t\t\t\t<\/div>\n\t\t\t\t<div class=\"elementor-element elementor-element-b2bd864 elementor-widget elementor-widget-button\" data-id=\"b2bd864\" data-element_type=\"widget\" data-e-type=\"widget\" data-widget_type=\"button.default\">\n\t\t\t\t<div class=\"elementor-widget-container\">\n\t\t\t\t\t\t\t\t\t<div class=\"elementor-button-wrapper\">\n\t\t\t\t\t<a class=\"elementor-button elementor-button-link elementor-size-lg\" href=\"https:\/\/loydtea.com\/ro\/produse\/doua-compartimente\/\">\n\t\t\t\t\t\t<span class=\"elementor-button-content-wrapper\">\n\t\t\t\t\t\t<span class=\"elementor-button-icon\">\n\t\t\t\t<svg xmlns=\"http:\/\/www.w3.org\/2000\/svg\" id=\"uuid-34666bef-1e2d-4d1a-baa1-87a9932b30da\" viewBox=\"0 0 90 90\"><defs><style>.uuid-257e65cb-fa8f-44ff-a604-882a47dba785{stroke-width:0px;}<\/style><\/defs><path class=\"uuid-257e65cb-fa8f-44ff-a604-882a47dba785\" d=\"m83.3,42.4c0-.9-.7-1.6-1.6-1.6h-3.8V12.8c.1-2-1.5-3.6-3.5-3.6l-28.1.2c.4-1.2.6-2.9-.2-4.6-1.7-3.7-5.9-3.8-6.8-3.8h0c-3.2,0-5.3,2-6.3,2.8-1.5,1.4-2.9,3.5-3.7,5.8h-13c-2,.1-3.5,1.7-3.5,3.7v45.4c-1.6.5-3.3.9-4.9,1.4-.2,0-.6.2-.9.6-.4.4-.5.8-.5,1v23.6c0,2,1.6,3.7,3.7,3.7h69.6c2,0,3.7-1.7,3.7-3.7l-.2-42.9ZM35.3,6.1c.7-.6,2.1-2,4.1-2,.2,0,3,0,3.9,2,.6,1.3,0,2.7-.3,3.3h-10.1c.6-1.2,1.5-2.4,2.4-3.3Zm36.4,7.1c1.3,0,2.4,1.1,2.4,2.4v25.5c-4.4,1.2-8.4,2.4-12.1,3.4.3-5.2.5-10.4.8-15.7,0-1-.8-1.9-1.8-1.9-1.4,0-2.9,0-4.3-.1,1.9-3.8,1.8-7.9-.5-10.2-1.4-1.3-3.5-2-5.4-1.7-2.1.3-3.2,1.7-4.1,2.9-.7.9-1.4,1.8-2.7,2.5-.4.2-3.8,2.2-7.2.9-2.7-1-4-3.6-4.3-4.3-.5-1.1-.6-2.2-.6-3.4l39.8-.3Zm-54.9,2.8c0-1.3,1.1-2.4,2.4-2.4h9.5c0,1.4.2,3,.9,4.5.6,1.3,2.3,4.6,6.1,6.1,4.7,1.8,9.1-.6,10-1.1,1.7-1.1,2.7-2.3,3.5-3.3.8-1.1,1.2-1.6,2.1-1.7,1.1-.2,2.2.3,2.7.8,1.3,1.3,1.3,4.6-.9,7.8-2.5,0-5-.2-7.5-.2-1,0-1.8.7-1.9,1.7-.5,7.4-.9,14.7-1.4,22.1-.2,0-.4.1-.6.2-3.6,1-9.1,2.6-16.8,4.9-2.7.8-5.4,1.6-8.1,2.3V16.1Zm61.1,69H12.1c-.9,0-1.6-.7-1.6-1.6v-18.7c0-.7.5-1.4,1.2-1.6,10.6-3,20.9-6,31.2-9,2-.6,3.9-1.1,5.9-1.7,3.7.2,7.3.4,11,.5,1,0,1.9-.7,1.9-1.7,0-.9,0-1.7.1-2.6,4.8-1.4,9.6-2.8,14.5-4.2h3c0,.1.1,38.8.1,38.8,0,.9-.7,1.6-1.6,1.6Z\"><\/path><\/svg>\t\t\t<\/span>\n\t\t\t\t\t\t\t\t\t<span class=\"elementor-button-text\">DOU\u0102 COMPARTIMENTE<\/span>\n\t\t\t\t\t<\/span>\n\t\t\t\t\t<\/a>\n\t\t\t\t<\/div>\n\t\t\t\t\t\t\t\t<\/div>\n\t\t\t\t<\/div>\n\t\t\t\t<div class=\"elementor-element elementor-element-a3aaea2 elementor-widget elementor-widget-button\" data-id=\"a3aaea2\" data-element_type=\"widget\" data-e-type=\"widget\" data-widget_type=\"button.default\">\n\t\t\t\t<div class=\"elementor-widget-container\">\n\t\t\t\t\t\t\t\t\t<div class=\"elementor-button-wrapper\">\n\t\t\t\t\t<a class=\"elementor-button elementor-button-link elementor-size-lg\" href=\"https:\/\/loydtea.com\/ro\/produse\/doua-compartimente-ambalate\/\">\n\t\t\t\t\t\t<span class=\"elementor-button-content-wrapper\">\n\t\t\t\t\t\t<span class=\"elementor-button-icon\">\n\t\t\t\t<svg xmlns=\"http:\/\/www.w3.org\/2000\/svg\" id=\"uuid-6427652e-4a2f-4a7e-acfd-aa1e4e76b339\" viewBox=\"0 0 90 90\"><defs><style>.uuid-23c58a9c-8c40-4bb7-b0fb-97497981e0f5{stroke-width:0px;}<\/style><\/defs><path class=\"uuid-23c58a9c-8c40-4bb7-b0fb-97497981e0f5\" d=\"m76.7,18.1c0-1.4-1.2-2.6-2.7-2.6h-24.4c.6-3.2.7-8-2.4-11.5-1.7-1.8-3.5-2.9-5.6-3.1-3.6-.4-6.2,2-7.5,3.2-3.4,3.1-4.3,6.9-5,9.9,0,.4-.2.8-.3,1.3h-8.6c-1.5,0-2.7,1.2-2.7,2.7v.2c-2.4,22.2-4.9,44.4-7.3,66.6-.1,1.2.8,2.2,1.9,2.1h6.4c.2,1.2,1.3,2.1,2.6,2.1l55.8-.5c1.5,0,2.7-1.3,2.7-2.8l-3-67.6Zm-44.7-3.4c.7-2.8,1.4-5.9,4.1-8.4,1-.9,2.9-2.6,5.2-2.4,1.9.2,3.2,1.6,3.7,2.1,2.4,2.7,2.1,6.8,1.6,9.4h-14.7c0-.3,0-.5.1-.7Zm41.1,70.1l-48.3.4c-1.5,0-2.7-1.2-2.7-2.6l-.8-60.9c0-1.5,1.2-2.7,2.7-2.7h4.3c0,1.6,0,3.5.5,5.5.6,2.4,1.5,5.9,4.7,7.7,2.5,1.3,5,.9,7.6.5,2.1-.3,4.5-1.2,7-2.4,2.1-1,3.6-2,4.8-2.8,1.8-1.2,2.7-1.9,4.4-1.8,1.5,0,2.2.6,2.3.7.6.6.9,1.6.7,2.4-.1.4-.3.6-.9,1.1-.5.4-1.2,1-1.8,1.9-.7,1.1-1.1,2.4-1.2,3.8-2.7-.8-5.4-1.6-8.2-2.4-1.1-.3-2.2.2-2.6,1.3-3.5,8.8-7,17.6-10.6,26.4-.5,1.1.1,2.5,1.3,2.9,6.4,2.3,12.8,4.6,19.2,6.9,1.1.4,2.4-.2,2.8-1.3,3.5-9.3,7-18.5,10.5-27.8.5-1.2-.2-2.5-1.4-2.9-2.7-.8-5.4-1.6-8.1-2.3,0-1.2.3-2.2.8-3,.4-.6.8-.9,1.2-1.3.7-.6,1.5-1.2,1.8-2.6.5-1.8-.1-3.9-1.5-5.3-.6-.6-1.9-1.5-4.3-1.6-2.5,0-4.1,1-6.1,2.2-1.2.8-2.5,1.6-4.4,2.6-2.2,1.1-4.4,1.8-6.2,2.1-2.3.4-4.1.7-5.7-.2-2.1-1.1-2.7-3.7-3.3-5.8-.4-1.7-.5-3.3-.4-4.7l39.2.2c1.4,0,2.6,1.1,2.7,2.6l2.7,60.3c0,1.5-1.1,2.8-2.7,2.8Z\"><\/path><\/svg>\t\t\t<\/span>\n\t\t\t\t\t\t\t\t\t<span class=\"elementor-button-text\">DOU\u0102 COMPARTIMENTE AMBALATE<\/span>\n\t\t\t\t\t<\/span>\n\t\t\t\t\t<\/a>\n\t\t\t\t<\/div>\n\t\t\t\t\t\t\t\t<\/div>\n\t\t\t\t<\/div>\n\t\t\t\t<div class=\"elementor-element elementor-element-bdeb8d5 elementor-widget elementor-widget-button\" data-id=\"bdeb8d5\" data-element_type=\"widget\" data-e-type=\"widget\" data-widget_type=\"button.default\">\n\t\t\t\t<div class=\"elementor-widget-container\">\n\t\t\t\t\t\t\t\t\t<div class=\"elementor-button-wrapper\">\n\t\t\t\t\t<a class=\"elementor-button elementor-button-link elementor-size-lg\" href=\"https:\/\/loydtea.com\/ro\/produse\/plic-simplu\/\">\n\t\t\t\t\t\t<span class=\"elementor-button-content-wrapper\">\n\t\t\t\t\t\t<span class=\"elementor-button-icon\">\n\t\t\t\t<svg xmlns=\"http:\/\/www.w3.org\/2000\/svg\" id=\"uuid-6427652e-4a2f-4a7e-acfd-aa1e4e76b339\" viewBox=\"0 0 90 90\"><defs><style>.uuid-23c58a9c-8c40-4bb7-b0fb-97497981e0f5{stroke-width:0px;}<\/style><\/defs><path class=\"uuid-23c58a9c-8c40-4bb7-b0fb-97497981e0f5\" d=\"m76.7,18.1c0-1.4-1.2-2.6-2.7-2.6h-24.4c.6-3.2.7-8-2.4-11.5-1.7-1.8-3.5-2.9-5.6-3.1-3.6-.4-6.2,2-7.5,3.2-3.4,3.1-4.3,6.9-5,9.9,0,.4-.2.8-.3,1.3h-8.6c-1.5,0-2.7,1.2-2.7,2.7v.2c-2.4,22.2-4.9,44.4-7.3,66.6-.1,1.2.8,2.2,1.9,2.1h6.4c.2,1.2,1.3,2.1,2.6,2.1l55.8-.5c1.5,0,2.7-1.3,2.7-2.8l-3-67.6Zm-44.7-3.4c.7-2.8,1.4-5.9,4.1-8.4,1-.9,2.9-2.6,5.2-2.4,1.9.2,3.2,1.6,3.7,2.1,2.4,2.7,2.1,6.8,1.6,9.4h-14.7c0-.3,0-.5.1-.7Zm41.1,70.1l-48.3.4c-1.5,0-2.7-1.2-2.7-2.6l-.8-60.9c0-1.5,1.2-2.7,2.7-2.7h4.3c0,1.6,0,3.5.5,5.5.6,2.4,1.5,5.9,4.7,7.7,2.5,1.3,5,.9,7.6.5,2.1-.3,4.5-1.2,7-2.4,2.1-1,3.6-2,4.8-2.8,1.8-1.2,2.7-1.9,4.4-1.8,1.5,0,2.2.6,2.3.7.6.6.9,1.6.7,2.4-.1.4-.3.6-.9,1.1-.5.4-1.2,1-1.8,1.9-.7,1.1-1.1,2.4-1.2,3.8-2.7-.8-5.4-1.6-8.2-2.4-1.1-.3-2.2.2-2.6,1.3-3.5,8.8-7,17.6-10.6,26.4-.5,1.1.1,2.5,1.3,2.9,6.4,2.3,12.8,4.6,19.2,6.9,1.1.4,2.4-.2,2.8-1.3,3.5-9.3,7-18.5,10.5-27.8.5-1.2-.2-2.5-1.4-2.9-2.7-.8-5.4-1.6-8.1-2.3,0-1.2.3-2.2.8-3,.4-.6.8-.9,1.2-1.3.7-.6,1.5-1.2,1.8-2.6.5-1.8-.1-3.9-1.5-5.3-.6-.6-1.9-1.5-4.3-1.6-2.5,0-4.1,1-6.1,2.2-1.2.8-2.5,1.6-4.4,2.6-2.2,1.1-4.4,1.8-6.2,2.1-2.3.4-4.1.7-5.7-.2-2.1-1.1-2.7-3.7-3.3-5.8-.4-1.7-.5-3.3-.4-4.7l39.2.2c1.4,0,2.6,1.1,2.7,2.6l2.7,60.3c0,1.5-1.1,2.8-2.7,2.8Z\"><\/path><\/svg>\t\t\t<\/span>\n\t\t\t\t\t\t\t\t\t<span class=\"elementor-button-text\">PLIC SIMPLU<\/span>\n\t\t\t\t\t<\/span>\n\t\t\t\t\t<\/a>\n\t\t\t\t<\/div>\n\t\t\t\t\t\t\t\t<\/div>\n\t\t\t\t<\/div>\n\t\t\t\t<div class=\"elementor-element elementor-element-7c3970c elementor-widget elementor-widget-button\" data-id=\"7c3970c\" data-element_type=\"widget\" data-e-type=\"widget\" data-widget_type=\"button.default\">\n\t\t\t\t<div class=\"elementor-widget-container\">\n\t\t\t\t\t\t\t\t\t<div class=\"elementor-button-wrapper\">\n\t\t\t\t\t<a class=\"elementor-button elementor-button-link elementor-size-lg\" href=\"https:\/\/loydtea.com\/ro\/produse\/ceai-din-frunze\/\">\n\t\t\t\t\t\t<span class=\"elementor-button-content-wrapper\">\n\t\t\t\t\t\t<span class=\"elementor-button-icon\">\n\t\t\t\t<svg xmlns=\"http:\/\/www.w3.org\/2000\/svg\" id=\"uuid-fe23be2c-0913-42e4-b829-432296c2dc2e\" viewBox=\"0 0 90 90\"><defs><style>.uuid-fc2aaa8d-a71a-4786-9119-14162cdf13cd{stroke-width:0px;}<\/style><\/defs><path class=\"uuid-fc2aaa8d-a71a-4786-9119-14162cdf13cd\" d=\"m4,67.4c.2-4,.9-9.7,3.2-16.2,1.6-4.5,4.6-12.3,11.6-18.9,5.4-5.1,12.4-7.6,26.4-12.4,10.6-3.7,12.5-3.2,19.1-5.9,9.1-3.7,16-8.6,20.6-12.5.7-.6,1.8,0,1.7.9-.7,6.2-2,14.2-4.5,23.5-3.2,11.4-5.2,18.6-10.9,26.5-8.7,12.1-20.1,17.7-24.3,19.5-14.8,6.4-28.2,5-34.1,4-.5,0-1,.2-1.1.7-1.2,3.9-2.4,7.8-3.6,11.6-1,.8-2.3.9-3.4.2-1.3-.8-1.3-2.3-1.3-2.4.6-3.4,1.7-8,3.7-13.2,1.6-4.3,6.7-16.3,17.1-26.2,14-13.3,30.3-15.8,30.1-16.3-.2-.5-14.9,1.6-28.8,11.6-11.5,8.2-17.9,18.6-21.4,25.6Z\"><\/path><\/svg>\t\t\t<\/span>\n\t\t\t\t\t\t\t\t\t<span class=\"elementor-button-text\">CEAI DIN FRUNZE<\/span>\n\t\t\t\t\t<\/span>\n\t\t\t\t\t<\/a>\n\t\t\t\t<\/div>\n\t\t\t\t\t\t\t\t<\/div>\n\t\t\t\t<\/div>\n\t\t\t\t<div class=\"elementor-element elementor-element-8232d88 elementor-widget elementor-widget-button\" data-id=\"8232d88\" data-element_type=\"widget\" data-e-type=\"widget\" data-widget_type=\"button.default\">\n\t\t\t\t<div class=\"elementor-widget-container\">\n\t\t\t\t\t\t\t\t\t<div class=\"elementor-button-wrapper\">\n\t\t\t\t\t<a class=\"elementor-button elementor-button-link elementor-size-lg\" href=\"https:\/\/loydtea.com\/ro\/produse\/seturi-cadou\/\">\n\t\t\t\t\t\t<span class=\"elementor-button-content-wrapper\">\n\t\t\t\t\t\t<span class=\"elementor-button-icon\">\n\t\t\t\t<i aria-hidden=\"true\" class=\"fas fa-gift\"><\/i>\t\t\t<\/span>\n\t\t\t\t\t\t\t\t\t<span class=\"elementor-button-text\">SETURI CADOU<\/span>\n\t\t\t\t\t<\/span>\n\t\t\t\t\t<\/a>\n\t\t\t\t<\/div>\n\t\t\t\t\t\t\t\t<\/div>\n\t\t\t\t<\/div>\n\t\t\t\t<\/div>\n\t\t\t\t\t<\/div>\n\t\t\t\t<\/div>\n\t\t<div class=\"elementor-element elementor-element-b3cd180 e-flex e-con-boxed e-con e-parent\" data-id=\"b3cd180\" data-element_type=\"container\" data-e-type=\"container\" data-settings=\"{&quot;background_background&quot;:&quot;classic&quot;}\">\n\t\t\t\t\t<div class=\"e-con-inner\">\n\t\t<div class=\"elementor-element elementor-element-f44eed9 e-flex e-con-boxed e-con e-child\" data-id=\"f44eed9\" data-element_type=\"container\" data-e-type=\"container\">\n\t\t\t\t\t<div class=\"e-con-inner\">\n\t\t\t\t<div class=\"elementor-element elementor-element-80c19a0 elementor-widget elementor-widget-jet-breadcrumbs\" data-id=\"80c19a0\" data-element_type=\"widget\" data-e-type=\"widget\" data-widget_type=\"jet-breadcrumbs.default\">\n\t\t\t\t<div class=\"elementor-widget-container\">\n\t\t\t\t\t<div class=\"elementor-jet-breadcrumbs jet-blocks\">\n\t\t<div class=\"jet-breadcrumbs\">\n\t\t<div class=\"jet-breadcrumbs__content\">\n\t\t<div class=\"jet-breadcrumbs__wrap\"><div class=\"jet-breadcrumbs__item\"><a href=\"https:\/\/loydtea.com\/ro\/\" class=\"jet-breadcrumbs__item-link is-home\" rel=\"home\" title=\"Loyd Home RO\">Loyd Home RO<\/a><\/div>\n\t\t<\/div>\n\t\t<\/div>\n\t\t<\/div><\/div>\t\t\t\t<\/div>\n\t\t\t\t<\/div>\n\t\t\t\t<div class=\"elementor-element elementor-element-817b878 elementor-widget elementor-widget-heading\" data-id=\"817b878\" data-element_type=\"widget\" data-e-type=\"widget\" data-widget_type=\"heading.default\">\n\t\t\t\t<div class=\"elementor-widget-container\">\n\t\t\t\t\t<h1 class=\"elementor-heading-title elementor-size-default\"> PLIC SIMPLU<\/h1>\t\t\t\t<\/div>\n\t\t\t\t<\/div>\n\t\t\t\t<div class=\"elementor-element elementor-element-83b58a4 jednokom1 elementor-hidden-mobile elementor-widget elementor-widget-jet-smart-filters-radio\" data-id=\"83b58a4\" data-element_type=\"widget\" data-e-type=\"widget\" id=\"jednokom1\" data-widget_type=\"jet-smart-filters-radio.default\">\n\t\t\t\t<div class=\"elementor-widget-container\">\n\t\t\t\t\t<div class=\"jet-smart-filters-radio jet-filter \" data-indexer-rule=\"show\" data-show-counter=\"\" data-change-counter=\"always\"><div class=\"jet-radio-list\" data-query-type=\"tax_query\" data-query-var=\"rodzaj-herbaty\" data-smart-filter=\"radio\" data-filter-id=\"8019\" data-apply-type=\"ajax\" data-content-provider=\"jet-engine\" data-additional-providers=\"\" data-query-id=\"jednokom1\" data-active-label=\"\" data-layout-options=\"{&quot;show_label&quot;:&quot;&quot;,&quot;display_options&quot;:{&quot;show_items_label&quot;:false,&quot;show_decorator&quot;:&quot;yes&quot;,&quot;filter_image_size&quot;:&quot;full&quot;,&quot;show_counter&quot;:false}}\" data-query-var-suffix=\"\" data-apply-on=\"value\" data-can-deselect=\"1\"><form class=\"jet-radio-list-wrapper\"><fieldset><legend style=\"display:none;\">Filtr herbat Jednokomorowe_RO<\/legend><div class=\"jet-radio-list__row jet-filter-row\">\n\t\t<label class=\"jet-radio-list__item\" >\n\t\t<input\n\t\t\ttype=\"radio\"\n\t\t\tclass=\"jet-radio-list__input\"\n\t\t\tname=\"rodzaj-herbaty\"\n\t\t\tvalue=\"168\"\n\t\t\tdata-label=\"Ceai negru\"\n\t\t\tdata-url-value=\"ceai-negru\"\t\t\taria-label=\"Ceai negru\"\n\t\t\t\t\t>\n\t\t<div class=\"jet-radio-list__button\">\n\t\t\t\t\t\t\t<span class=\"jet-radio-list__decorator\">\n\t\t\t\t\t<i class=\"jet-radio-list__checked-icon\"><svg width=\"28\" height=\"28\" viewBox=\"0 0 28 28\" xmlns=\"http:\/\/www.w3.org\/2000\/svg\">\n\t<path d=\"M26.109 8.844c0 0.391-0.156 0.781-0.438 1.062l-13.438 13.438c-0.281 0.281-0.672 0.438-1.062 0.438s-0.781-0.156-1.062-0.438l-7.781-7.781c-0.281-0.281-0.438-0.672-0.438-1.062s0.156-0.781 0.438-1.062l2.125-2.125c0.281-0.281 0.672-0.438 1.062-0.438s0.781 0.156 1.062 0.438l4.594 4.609 10.25-10.266c0.281-0.281 0.672-0.438 1.062-0.438s0.781 0.156 1.062 0.438l2.125 2.125c0.281 0.281 0.438 0.672 0.438 1.062z\"><\/path>\n<\/svg>\n<\/i>\n\t\t\t\t<\/span>\n\t\t\t\t\t\t<span class=\"jet-radio-list__label\">Ceai negru<\/span>\n\t\t\t\t\t<\/div>\n\t<\/label>\n<\/div>\n<div class=\"jet-radio-list__row jet-filter-row\">\n\t\t<label class=\"jet-radio-list__item\" >\n\t\t<input\n\t\t\ttype=\"radio\"\n\t\t\tclass=\"jet-radio-list__input\"\n\t\t\tname=\"rodzaj-herbaty\"\n\t\t\tvalue=\"179\"\n\t\t\tdata-label=\"Din plante\"\n\t\t\tdata-url-value=\"din-plante\"\t\t\taria-label=\"Din plante\"\n\t\t\t\t\t>\n\t\t<div class=\"jet-radio-list__button\">\n\t\t\t\t\t\t\t<span class=\"jet-radio-list__decorator\">\n\t\t\t\t\t<i class=\"jet-radio-list__checked-icon\"><svg width=\"28\" height=\"28\" viewBox=\"0 0 28 28\" xmlns=\"http:\/\/www.w3.org\/2000\/svg\">\n\t<path d=\"M26.109 8.844c0 0.391-0.156 0.781-0.438 1.062l-13.438 13.438c-0.281 0.281-0.672 0.438-1.062 0.438s-0.781-0.156-1.062-0.438l-7.781-7.781c-0.281-0.281-0.438-0.672-0.438-1.062s0.156-0.781 0.438-1.062l2.125-2.125c0.281-0.281 0.672-0.438 1.062-0.438s0.781 0.156 1.062 0.438l4.594 4.609 10.25-10.266c0.281-0.281 0.672-0.438 1.062-0.438s0.781 0.156 1.062 0.438l2.125 2.125c0.281 0.281 0.438 0.672 0.438 1.062z\"><\/path>\n<\/svg>\n<\/i>\n\t\t\t\t<\/span>\n\t\t\t\t\t\t<span class=\"jet-radio-list__label\">Din plante<\/span>\n\t\t\t\t\t<\/div>\n\t<\/label>\n<\/div>\n<\/fieldset><\/form><\/div>\n<\/div>\t\t\t\t<\/div>\n\t\t\t\t<\/div>\n\t\t\t\t<div class=\"elementor-element elementor-element-4fd8b28 jednokom1 elementor-hidden-desktop elementor-hidden-laptop elementor-hidden-tablet elementor-widget elementor-widget-jet-smart-filters-radio\" data-id=\"4fd8b28\" data-element_type=\"widget\" data-e-type=\"widget\" id=\"jednokom1\" data-widget_type=\"jet-smart-filters-radio.default\">\n\t\t\t\t<div class=\"elementor-widget-container\">\n\t\t\t\t\t<div class=\"jet-smart-filters-radio jet-filter \" data-indexer-rule=\"show\" data-show-counter=\"\" data-change-counter=\"always\"><div\n\tclass=\"jet-filter-items-dropdown\"\n\t>\n\t<div\n\t\tclass=\"jet-filter-items-dropdown__label\"\n\t\t\t>\n\t\tWszystkie\t<\/div>\n\n\t<div class=\"jet-filter-items-dropdown__body\">\n\t\t<div class=\"jet-radio-list\" data-query-type=\"tax_query\" data-query-var=\"rodzaj-herbaty\" data-smart-filter=\"radio\" data-filter-id=\"8019\" data-apply-type=\"ajax\" data-content-provider=\"jet-engine\" data-additional-providers=\"\" data-query-id=\"jednokom1\" data-active-label=\"\" data-layout-options=\"{&quot;show_label&quot;:&quot;&quot;,&quot;display_options&quot;:{&quot;show_items_label&quot;:false,&quot;show_decorator&quot;:&quot;yes&quot;,&quot;filter_image_size&quot;:&quot;full&quot;,&quot;show_counter&quot;:false}}\" data-query-var-suffix=\"\" data-apply-on=\"value\" data-can-deselect=\"1\"><form class=\"jet-radio-list-wrapper\"><fieldset><legend style=\"display:none;\">Filtr herbat Jednokomorowe_RO<\/legend><div class=\"jet-radio-list__row jet-filter-row\">\n\t\t<label class=\"jet-radio-list__item\" >\n\t\t<input\n\t\t\ttype=\"radio\"\n\t\t\tclass=\"jet-radio-list__input\"\n\t\t\tname=\"rodzaj-herbaty\"\n\t\t\tvalue=\"168\"\n\t\t\tdata-label=\"Ceai negru\"\n\t\t\tdata-url-value=\"ceai-negru\"\t\t\taria-label=\"Ceai negru\"\n\t\t\t\t\t>\n\t\t<div class=\"jet-radio-list__button\">\n\t\t\t\t\t\t\t<span class=\"jet-radio-list__decorator\">\n\t\t\t\t\t<i class=\"jet-radio-list__checked-icon\"><svg width=\"28\" height=\"28\" viewBox=\"0 0 28 28\" xmlns=\"http:\/\/www.w3.org\/2000\/svg\">\n\t<path d=\"M26.109 8.844c0 0.391-0.156 0.781-0.438 1.062l-13.438 13.438c-0.281 0.281-0.672 0.438-1.062 0.438s-0.781-0.156-1.062-0.438l-7.781-7.781c-0.281-0.281-0.438-0.672-0.438-1.062s0.156-0.781 0.438-1.062l2.125-2.125c0.281-0.281 0.672-0.438 1.062-0.438s0.781 0.156 1.062 0.438l4.594 4.609 10.25-10.266c0.281-0.281 0.672-0.438 1.062-0.438s0.781 0.156 1.062 0.438l2.125 2.125c0.281 0.281 0.438 0.672 0.438 1.062z\"><\/path>\n<\/svg>\n<\/i>\n\t\t\t\t<\/span>\n\t\t\t\t\t\t<span class=\"jet-radio-list__label\">Ceai negru<\/span>\n\t\t\t\t\t<\/div>\n\t<\/label>\n<\/div>\n<div class=\"jet-radio-list__row jet-filter-row\">\n\t\t<label class=\"jet-radio-list__item\" >\n\t\t<input\n\t\t\ttype=\"radio\"\n\t\t\tclass=\"jet-radio-list__input\"\n\t\t\tname=\"rodzaj-herbaty\"\n\t\t\tvalue=\"179\"\n\t\t\tdata-label=\"Din plante\"\n\t\t\tdata-url-value=\"din-plante\"\t\t\taria-label=\"Din plante\"\n\t\t\t\t\t>\n\t\t<div class=\"jet-radio-list__button\">\n\t\t\t\t\t\t\t<span class=\"jet-radio-list__decorator\">\n\t\t\t\t\t<i class=\"jet-radio-list__checked-icon\"><svg width=\"28\" height=\"28\" viewBox=\"0 0 28 28\" xmlns=\"http:\/\/www.w3.org\/2000\/svg\">\n\t<path d=\"M26.109 8.844c0 0.391-0.156 0.781-0.438 1.062l-13.438 13.438c-0.281 0.281-0.672 0.438-1.062 0.438s-0.781-0.156-1.062-0.438l-7.781-7.781c-0.281-0.281-0.438-0.672-0.438-1.062s0.156-0.781 0.438-1.062l2.125-2.125c0.281-0.281 0.672-0.438 1.062-0.438s0.781 0.156 1.062 0.438l4.594 4.609 10.25-10.266c0.281-0.281 0.672-0.438 1.062-0.438s0.781 0.156 1.062 0.438l2.125 2.125c0.281 0.281 0.438 0.672 0.438 1.062z\"><\/path>\n<\/svg>\n<\/i>\n\t\t\t\t<\/span>\n\t\t\t\t\t\t<span class=\"jet-radio-list__label\">Din plante<\/span>\n\t\t\t\t\t<\/div>\n\t<\/label>\n<\/div>\n<\/fieldset><\/form><\/div>\n\n\t\t\t<\/div>\n<\/div>\n<\/div>\t\t\t\t<\/div>\n\t\t\t\t<\/div>\n\t\t\t\t<div class=\"elementor-element elementor-element-2fb94dc elementor-widget__width-initial jednokom1 elementor-widget elementor-widget-jet-listing-grid\" data-id=\"2fb94dc\" data-element_type=\"widget\" data-e-type=\"widget\" id=\"jednokom1\" data-settings=\"{&quot;columns&quot;:&quot;4&quot;,&quot;columns_laptop&quot;:&quot;3&quot;,&quot;columns_tablet&quot;:&quot;2&quot;,&quot;columns_mobile&quot;:&quot;1&quot;}\" data-widget_type=\"jet-listing-grid.default\">\n\t\t\t\t<div class=\"elementor-widget-container\">\n\t\t\t\t\t<div class=\"jet-listing-grid jet-listing\"><div class=\"jet-listing-not-found jet-listing-grid__items\" data-nav=\"{&quot;enabled&quot;:false,&quot;type&quot;:null,&quot;more_el&quot;:null,&quot;query&quot;:[],&quot;widget_settings&quot;:{&quot;lisitng_id&quot;:410,&quot;posts_num&quot;:999,&quot;columns&quot;:4,&quot;columns_tablet&quot;:2,&quot;columns_mobile&quot;:1,&quot;column_min_width&quot;:240,&quot;column_min_width_tablet&quot;:240,&quot;column_min_width_mobile&quot;:240,&quot;inline_columns_css&quot;:false,&quot;is_archive_template&quot;:&quot;&quot;,&quot;post_status&quot;:[&quot;publish&quot;],&quot;use_random_posts_num&quot;:&quot;&quot;,&quot;max_posts_num&quot;:9,&quot;not_found_message&quot;:&quot;Niciun ceai de afi\\u0219at&quot;,&quot;is_masonry&quot;:false,&quot;equal_columns_height&quot;:&quot;yes&quot;,&quot;use_load_more&quot;:&quot;&quot;,&quot;load_more_id&quot;:&quot;&quot;,&quot;load_more_type&quot;:&quot;click&quot;,&quot;load_more_offset&quot;:{&quot;unit&quot;:&quot;px&quot;,&quot;size&quot;:0,&quot;sizes&quot;:[]},&quot;use_custom_post_types&quot;:&quot;&quot;,&quot;custom_post_types&quot;:[],&quot;hide_widget_if&quot;:&quot;&quot;,&quot;carousel_enabled&quot;:&quot;&quot;,&quot;slides_to_scroll&quot;:&quot;1&quot;,&quot;arrows&quot;:&quot;true&quot;,&quot;arrow_icon&quot;:&quot;fa fa-angle-left&quot;,&quot;dots&quot;:&quot;&quot;,&quot;autoplay&quot;:&quot;true&quot;,&quot;pause_on_hover&quot;:&quot;true&quot;,&quot;autoplay_speed&quot;:5000,&quot;infinite&quot;:&quot;true&quot;,&quot;center_mode&quot;:&quot;&quot;,&quot;effect&quot;:&quot;slide&quot;,&quot;speed&quot;:500,&quot;inject_alternative_items&quot;:&quot;&quot;,&quot;injection_items&quot;:[],&quot;scroll_slider_enabled&quot;:&quot;&quot;,&quot;scroll_slider_on&quot;:[&quot;desktop&quot;,&quot;tablet&quot;,&quot;mobile&quot;],&quot;custom_query&quot;:false,&quot;custom_query_id&quot;:&quot;&quot;,&quot;_element_id&quot;:&quot;jednokom1&quot;,&quot;collapse_first_last_gap&quot;:false,&quot;list_tag_selection&quot;:&quot;&quot;,&quot;list_items_wrapper_tag&quot;:&quot;div&quot;,&quot;list_item_tag&quot;:&quot;div&quot;,&quot;empty_items_wrapper_tag&quot;:&quot;div&quot;}}\" data-listing-source=\"posts\" data-listing-id=\"410\" data-query-id=\"\" data-queried-id=\"7751|WP_Post\">Niciun ceai de afi\u0219at<\/div><\/div>\t\t\t\t<\/div>\n\t\t\t\t<\/div>\n\t\t\t\t\t<\/div>\n\t\t\t\t<\/div>\n\t\t\t\t\t<\/div>\n\t\t\t\t<\/div>\n\t\t\t\t<\/div>\n\t\t","protected":false},"excerpt":{"rendered":"<p>PIRAMIDE DOU\u0102 COMPARTIMENTE DOU\u0102 COMPARTIMENTE AMBALATE PLIC SIMPLU CEAI DIN FRUNZE SETURI CADOU Start Filtr herbat Jednokomorowe. Czarna Grzaniec Zio\u0142owa Wszystkie Filtr herbat Jednokomorowe. Czarna Grzaniec Zio\u0142owa Czarna \/ Jednokomorowe okr\u0105g\u0142e Czarna Earl Grey 20 x 1,5g zobacz Czarna \/ Jednokomorowe okr\u0105g\u0142e Czarna Earl Grey 80 x 1,5g zobacz Czarna \/ Jednokomorowe okr\u0105g\u0142e Czarna Earl [&hellip;]<\/p>\n","protected":false},"author":2,"featured_media":0,"parent":7759,"menu_order":0,"comment_status":"closed","ping_status":"closed","template":"","meta":{"footnotes":""},"class_list":["post-7751","page","type-page","status-publish","hentry"],"_links":{"self":[{"href":"https:\/\/loydtea.com\/ro\/wp-json\/wp\/v2\/pages\/7751","targetHints":{"allow":["GET"]}}],"collection":[{"href":"https:\/\/loydtea.com\/ro\/wp-json\/wp\/v2\/pages"}],"about":[{"href":"https:\/\/loydtea.com\/ro\/wp-json\/wp\/v2\/types\/page"}],"author":[{"embeddable":true,"href":"https:\/\/loydtea.com\/ro\/wp-json\/wp\/v2\/users\/2"}],"replies":[{"embeddable":true,"href":"https:\/\/loydtea.com\/ro\/wp-json\/wp\/v2\/comments?post=7751"}],"version-history":[{"count":4,"href":"https:\/\/loydtea.com\/ro\/wp-json\/wp\/v2\/pages\/7751\/revisions"}],"predecessor-version":[{"id":7776,"href":"https:\/\/loydtea.com\/ro\/wp-json\/wp\/v2\/pages\/7751\/revisions\/7776"}],"up":[{"embeddable":true,"href":"https:\/\/loydtea.com\/ro\/wp-json\/wp\/v2\/pages\/7759"}],"wp:attachment":[{"href":"https:\/\/loydtea.com\/ro\/wp-json\/wp\/v2\/media?parent=7751"}],"curies":[{"name":"wp","href":"https:\/\/api.w.org\/{rel}","templated":true}]}}