{"id":7729,"date":"2022-07-20T07:59:57","date_gmt":"2022-07-20T07:59:57","guid":{"rendered":"https:\/\/loydtea.com\/brand\/"},"modified":"2026-03-20T07:40:25","modified_gmt":"2026-03-20T07:40:25","slug":"brand","status":"publish","type":"page","link":"https:\/\/loydtea.com\/ro\/brand\/","title":{"rendered":"Brand"},"content":{"rendered":"\t\t<div data-elementor-type=\"wp-page\" data-elementor-id=\"7729\" class=\"elementor elementor-7729 elementor-15\" data-elementor-post-type=\"page\">\n\t\t\t\t<div class=\"elementor-element elementor-element-427af09 e-flex e-con-boxed e-con e-parent\" data-id=\"427af09\" data-element_type=\"container\" data-e-type=\"container\" data-settings=\"{&quot;background_background&quot;:&quot;classic&quot;}\">\n\t\t\t\t\t<div class=\"e-con-inner\">\n\t\t<div class=\"elementor-element elementor-element-a1639aa e-flex e-con-boxed e-con e-child\" data-id=\"a1639aa\" data-element_type=\"container\" data-e-type=\"container\">\n\t\t\t\t\t<div class=\"e-con-inner\">\n\t\t\t\t<div class=\"elementor-element elementor-element-b30ce40 elementor-align-justify elementor-widget__width-initial elementor-hidden-desktop elementor-hidden-laptop elementor-hidden-tablet elementor-hidden-mobile elementor-widget-mobile__width-initial elementor-widget elementor-widget-button\" data-id=\"b30ce40\" data-element_type=\"widget\" data-e-type=\"widget\" data-widget_type=\"button.default\">\n\t\t\t\t<div class=\"elementor-widget-container\">\n\t\t\t\t\t\t\t\t\t<div class=\"elementor-button-wrapper\">\n\t\t\t\t\t<a class=\"elementor-button elementor-button-link elementor-size-md\" href=\"https:\/\/loydtea.com\/nagrody\/\">\n\t\t\t\t\t\t<span class=\"elementor-button-content-wrapper\">\n\t\t\t\t\t\t\t\t\t<span class=\"elementor-button-text\">premii<\/span>\n\t\t\t\t\t<\/span>\n\t\t\t\t\t<\/a>\n\t\t\t\t<\/div>\n\t\t\t\t\t\t\t\t<\/div>\n\t\t\t\t<\/div>\n\t\t\t\t<div class=\"elementor-element elementor-element-2254610 elementor-align-justify elementor-widget__width-initial elementor-widget elementor-widget-button\" data-id=\"2254610\" data-element_type=\"widget\" data-e-type=\"widget\" data-widget_type=\"button.default\">\n\t\t\t\t<div class=\"elementor-widget-container\">\n\t\t\t\t\t\t\t\t\t<div class=\"elementor-button-wrapper\">\n\t\t\t\t\t<a class=\"elementor-button elementor-button-link elementor-size-md\" href=\"https:\/\/loydtea.com\/ro\/brand\/\">\n\t\t\t\t\t\t<span class=\"elementor-button-content-wrapper\">\n\t\t\t\t\t\t\t\t\t<span class=\"elementor-button-text\">BRAND<\/span>\n\t\t\t\t\t<\/span>\n\t\t\t\t\t<\/a>\n\t\t\t\t<\/div>\n\t\t\t\t\t\t\t\t<\/div>\n\t\t\t\t<\/div>\n\t\t\t\t<div class=\"elementor-element elementor-element-e441c91 elementor-align-justify elementor-widget__width-initial elementor-widget elementor-widget-button\" data-id=\"e441c91\" data-element_type=\"widget\" data-e-type=\"widget\" data-widget_type=\"button.default\">\n\t\t\t\t<div class=\"elementor-widget-container\">\n\t\t\t\t\t\t\t\t\t<div class=\"elementor-button-wrapper\">\n\t\t\t\t\t<a class=\"elementor-button elementor-button-link elementor-size-md\" href=\"https:\/\/loydtea.com\/ro\/certificate\/\">\n\t\t\t\t\t\t<span class=\"elementor-button-content-wrapper\">\n\t\t\t\t\t\t\t\t\t<span class=\"elementor-button-text\">CERTIFICATE<\/span>\n\t\t\t\t\t<\/span>\n\t\t\t\t\t<\/a>\n\t\t\t\t<\/div>\n\t\t\t\t\t\t\t\t<\/div>\n\t\t\t\t<\/div>\n\t\t\t\t\t<\/div>\n\t\t\t\t<\/div>\n\t\t\t\t<div class=\"elementor-element elementor-element-27970f9 elementor-widget elementor-widget-heading\" data-id=\"27970f9\" data-element_type=\"widget\" data-e-type=\"widget\" data-widget_type=\"heading.default\">\n\t\t\t\t<div class=\"elementor-widget-container\">\n\t\t\t\t\t<h1 class=\"elementor-heading-title elementor-size-default\">BRAND<\/h1>\t\t\t\t<\/div>\n\t\t\t\t<\/div>\n\t\t\t\t<div class=\"elementor-element elementor-element-81c6d57 elementor-widget__width-initial elementor-widget elementor-widget-text-editor\" data-id=\"81c6d57\" data-element_type=\"widget\" data-e-type=\"widget\" data-widget_type=\"text-editor.default\">\n\t\t\t\t<div class=\"elementor-widget-container\">\n\t\t\t\t\t\t\t\t\t<p>Ceaiul este o b\u0103utur\u0103 ale c\u0103rei r\u0103d\u0103cini ajung \u00een col\u021burile lumii, unde magia naturii \u0219i imagina\u021bia uman\u0103 se \u00eempletesc \u00een pove\u0219ti minunate. R\u0103d\u0103cinile sale ajung la mun\u021bi \u00eendep\u0103rta\u021bi \u0219i p\u0103duri mistice, unde cu mult timp \u00een urm\u0103 se credea c\u0103 arbustul de\u021bine secretele armoniei \u0219i echilibrului.<\/p>\n\t\t\t\t\t\t\t\t<\/div>\n\t\t\t\t<\/div>\n\t\t\t\t\t<\/div>\n\t\t\t\t<\/div>\n\t\t<div class=\"elementor-element elementor-element-5b1d5cb e-flex e-con-boxed e-con e-parent\" data-id=\"5b1d5cb\" data-element_type=\"container\" data-e-type=\"container\" data-settings=\"{&quot;background_background&quot;:&quot;classic&quot;}\">\n\t\t\t\t\t<div class=\"e-con-inner\">\n\t\t\t\t\t<\/div>\n\t\t\t\t<\/div>\n\t\t<div class=\"elementor-element elementor-element-e0e7362 e-flex e-con-boxed e-con e-parent\" data-id=\"e0e7362\" data-element_type=\"container\" data-e-type=\"container\" data-settings=\"{&quot;background_background&quot;:&quot;classic&quot;}\">\n\t\t\t\t\t<div class=\"e-con-inner\">\n\t\t<div class=\"elementor-element elementor-element-5eaf8fa e-flex e-con-boxed e-con e-child\" data-id=\"5eaf8fa\" data-element_type=\"container\" data-e-type=\"container\">\n\t\t\t\t\t<div class=\"e-con-inner\">\n\t\t<div class=\"elementor-element elementor-element-effa88a e-flex e-con-boxed e-con e-child\" data-id=\"effa88a\" data-element_type=\"container\" data-e-type=\"container\">\n\t\t\t\t\t<div class=\"e-con-inner\">\n\t\t\t\t<div class=\"elementor-element elementor-element-7eb1159 elementor-widget elementor-widget-image\" data-id=\"7eb1159\" data-element_type=\"widget\" data-e-type=\"widget\" data-widget_type=\"image.default\">\n\t\t\t\t<div class=\"elementor-widget-container\">\n\t\t\t\t\t\t\t\t\t\t\t\t\t\t\t<img fetchpriority=\"high\" decoding=\"async\" width=\"800\" height=\"848\" src=\"https:\/\/loydtea.com\/wp-content\/uploads\/2023\/09\/top-view-tea-cinnamon-cup-herbal-tea-cinnamon-sticks-saucer-lemon-teapot-leaves-white-table.png\" class=\"attachment-large size-large wp-image-7361\" alt=\"\" srcset=\"https:\/\/loydtea.com\/wp-content\/uploads\/2023\/09\/top-view-tea-cinnamon-cup-herbal-tea-cinnamon-sticks-saucer-lemon-teapot-leaves-white-table.png 896w, https:\/\/loydtea.com\/wp-content\/uploads\/2023\/09\/top-view-tea-cinnamon-cup-herbal-tea-cinnamon-sticks-saucer-lemon-teapot-leaves-white-table-283x300.png 283w, https:\/\/loydtea.com\/wp-content\/uploads\/2023\/09\/top-view-tea-cinnamon-cup-herbal-tea-cinnamon-sticks-saucer-lemon-teapot-leaves-white-table-768x814.png 768w\" sizes=\"(max-width: 800px) 100vw, 800px\" \/>\t\t\t\t\t\t\t\t\t\t\t\t\t\t\t<\/div>\n\t\t\t\t<\/div>\n\t\t\t\t\t<\/div>\n\t\t\t\t<\/div>\n\t\t<div class=\"elementor-element elementor-element-dc93b29 e-flex e-con-boxed e-con e-child\" data-id=\"dc93b29\" data-element_type=\"container\" data-e-type=\"container\">\n\t\t\t\t\t<div class=\"e-con-inner\">\n\t\t\t\t<div class=\"elementor-element elementor-element-44ba4fc elementor-widget elementor-widget-text-editor\" data-id=\"44ba4fc\" data-element_type=\"widget\" data-e-type=\"widget\" data-widget_type=\"text-editor.default\">\n\t\t\t\t<div class=\"elementor-widget-container\">\n\t\t\t\t\t\t\t\t\t<p>Un c\u0103lug\u0103r chinez, din antichitate, fascinat de natur\u0103 \u0219i de minunile ei a creat o infuzie de frunze, care plutea pe ap\u0103. Aceast\u0103 b\u0103utur\u0103 reprezint\u0103, nu doar o form\u0103 de relaxare, ci \u0219i o u\u0219\u0103 spre alte dimensiuni. Oamenii cred c\u0103 ceaiul este str\u00e2ns legat de natur\u0103 \u0219i de lumea spiritual\u0103.<\/p>\n<p>Magia Loyd devine o realitate, \u00een care o legend\u0103 uitat\u0103 devine realitate.<\/p>\n<p>Fiecare \u00eenghi\u021bitur\u0103 de ceai reprezint\u0103 o c\u0103l\u0103torie \u00een timp \u0219i spa\u021biu.<br \/>\n\u00cen gustul ceaiului verde, vei descoperi lini\u0219tea golfului. Cu ceaiul negru vei sim\u021bi puterea p\u0103m\u00e2ntului, iar \u00een aroma infuziei de fructe vei reg\u0103si parfumul soarelui r\u0103s\u0103rit peste mun\u021bi.<\/p>\n<p>Ceaiul devine un prieten bun, care te poate duce \u00eentr-un loc,<br \/>\nunde este timpul s\u0103 \u00eencetine\u0219ti, iar g\u00e2ndurile tale devin mai clare.<br \/>\nNu este doar o b\u0103utur\u0103, este un ritual, care ne \u00eenva\u021b\u0103 arta contempla\u021biei<br \/>\n\u0219i nevoia de a tr\u0103i prezentul.<\/p>\n\t\t\t\t\t\t\t\t<\/div>\n\t\t\t\t<\/div>\n\t\t\t\t\t<\/div>\n\t\t\t\t<\/div>\n\t\t\t\t\t<\/div>\n\t\t\t\t<\/div>\n\t\t<div class=\"elementor-element elementor-element-a9d14ec e-flex e-con-boxed e-con e-child\" data-id=\"a9d14ec\" data-element_type=\"container\" data-e-type=\"container\">\n\t\t\t\t\t<div class=\"e-con-inner\">\n\t\t<div class=\"elementor-element elementor-element-e180f0b e-flex e-con-boxed e-con e-child\" data-id=\"e180f0b\" data-element_type=\"container\" data-e-type=\"container\">\n\t\t\t\t\t<div class=\"e-con-inner\">\n\t\t\t\t<div class=\"elementor-element elementor-element-5669533 elementor-widget elementor-widget-text-editor\" data-id=\"5669533\" data-element_type=\"widget\" data-e-type=\"widget\" data-widget_type=\"text-editor.default\">\n\t\t\t\t<div class=\"elementor-widget-container\">\n\t\t\t\t\t\t\t\t\t<p>A bea ceai reprezint\u0103, de asemenea, o pauz\u0103 de la agita\u021bia cotidian\u0103, un moment dedicat exclusiv \u021bie. Ceaiul este un \u00eenso\u021bitor al seriilor lini\u0219tite \u0219i al conversa\u021biilor inspiratoare \u00een circumstan\u021be obi\u0219nuite. \u00centr-o cea\u0219c\u0103 se ascunde puterea magic\u0103, care ne restabile\u0219te pacea interioar\u0103.<\/p>\n<p>Marii mae\u0219tri ai ceaiului, spun c\u0103 ceaiul este arta vie\u021bii.<br \/>\nCeaiul Loyd reprezint\u0103 arta de a descoperi frumuse\u021bea \u00een lucruri simple.<\/p>\n<p>Faptul c\u0103 po\u021bi profita de un moment, po\u021bi lua o pauz\u0103 \u0219i te po\u021bi r\u0103sf\u0103\u021ba cu zece mici luxuri, face<br \/>\nca ceaiul s\u0103 fie pentru noi mai mult dec\u00e2t un pachet. Te ajut\u0103 s\u0103 g\u0103se\u0219ti pacea \u00eentr-o lume zgomotoas\u0103.<\/p>\n<p>Ridic\u00e2nd cea\u0219ca la gur\u0103, oft\u0103m \u00een cea\u021ba aromat\u0103. Mul\u021bumit\u0103 Loyd magia ceaiului va veni \u00een inimile noastre. \u00cen gustul fermecat descoperim ingredientele reale ale b\u0103uturii de tip ceai.<\/p>\n<p>Loyd este o c\u0103l\u0103torie magic\u0103, pe care nu o po\u021bi experimenta, dac\u0103 nu o degu\u0219ti \u0219i nu o serve\u0219ti.<br \/>\nV\u0103 invit\u0103m s\u0103 contempla\u021bi magia.<\/p>\n\t\t\t\t\t\t\t\t<\/div>\n\t\t\t\t<\/div>\n\t\t\t\t\t<\/div>\n\t\t\t\t<\/div>\n\t\t<div class=\"elementor-element elementor-element-451bece e-flex e-con-boxed e-con e-child\" data-id=\"451bece\" data-element_type=\"container\" data-e-type=\"container\">\n\t\t\t\t\t<div class=\"e-con-inner\">\n\t\t\t\t<div class=\"elementor-element elementor-element-0060484 elementor-widget elementor-widget-image\" data-id=\"0060484\" data-element_type=\"widget\" data-e-type=\"widget\" data-widget_type=\"image.default\">\n\t\t\t\t<div class=\"elementor-widget-container\">\n\t\t\t\t\t\t\t\t\t\t\t\t\t\t\t<img decoding=\"async\" width=\"800\" height=\"774\" src=\"https:\/\/loydtea.com\/wp-content\/uploads\/2023\/09\/herbaty.png\" class=\"attachment-large size-large wp-image-7362\" alt=\"\" srcset=\"https:\/\/loydtea.com\/wp-content\/uploads\/2023\/09\/herbaty.png 857w, https:\/\/loydtea.com\/wp-content\/uploads\/2023\/09\/herbaty-300x290.png 300w, https:\/\/loydtea.com\/wp-content\/uploads\/2023\/09\/herbaty-768x743.png 768w\" sizes=\"(max-width: 800px) 100vw, 800px\" \/>\t\t\t\t\t\t\t\t\t\t\t\t\t\t\t<\/div>\n\t\t\t\t<\/div>\n\t\t\t\t\t<\/div>\n\t\t\t\t<\/div>\n\t\t\t\t\t<\/div>\n\t\t\t\t<\/div>\n\t\t\t\t\t<\/div>\n\t\t\t\t<\/div>\n\t\t<div class=\"elementor-element elementor-element-7a98b69 e-flex e-con-boxed e-con e-parent\" data-id=\"7a98b69\" data-element_type=\"container\" data-e-type=\"container\" data-settings=\"{&quot;background_background&quot;:&quot;classic&quot;}\">\n\t\t\t\t\t<div class=\"e-con-inner\">\n\t\t\t\t\t<\/div>\n\t\t\t\t<\/div>\n\t\t<div class=\"elementor-element elementor-element-dcf418e e-flex e-con-boxed e-con e-parent\" data-id=\"dcf418e\" data-element_type=\"container\" data-e-type=\"container\" data-settings=\"{&quot;background_background&quot;:&quot;classic&quot;}\">\n\t\t\t\t\t<div class=\"e-con-inner\">\n\t\t<div class=\"elementor-element elementor-element-4445159 e-flex e-con-boxed e-con e-child\" data-id=\"4445159\" data-element_type=\"container\" data-e-type=\"container\">\n\t\t\t\t\t<div class=\"e-con-inner\">\n\t\t<div class=\"elementor-element elementor-element-7b9ef3c e-flex e-con-boxed e-con e-child\" data-id=\"7b9ef3c\" data-element_type=\"container\" data-e-type=\"container\" data-settings=\"{&quot;background_background&quot;:&quot;classic&quot;}\">\n\t\t\t\t\t<div class=\"e-con-inner\">\n\t\t\t\t<div class=\"elementor-element elementor-element-3397fe8 elementor-widget elementor-widget-text-editor\" data-id=\"3397fe8\" data-element_type=\"widget\" data-e-type=\"widget\" data-widget_type=\"text-editor.default\">\n\t\t\t\t<div class=\"elementor-widget-container\">\n\t\t\t\t\t\t\t\t\t<p>Istoria brandului LOYD, bazat\u0103 pe mul\u021bi ani de experien\u021b\u0103 \u0219i cooperare cu renumita ceain\u0103rie londonez\u0103 Thompson Lloyd &amp; Edwards, este o poveste adev\u0103rat\u0103 despre pasiune, calitate \u0219i tradi\u021bie. Aceast\u0103 poveste \u00eencepe \u00een anul 1760, c\u00e2nd Thompson Lloyd &amp; Edward a \u00eenceput activitatea, \u00een inima Londrei, cre\u00e2nd arome unice de ceai. Brandul LOYD continu\u0103 aceast\u0103 tradi\u021bie fascinant\u0103, str\u0103duindu-se s\u0103 ofere clien\u021bilor cea mai \u00eenalt\u0103 calitate, elegan\u021b\u0103 \u0219i prestigiu.<\/p>\n<p>Portofoliul LOYD include ceaiuri negre, verzi \u0219i albe, cu adaos de fructe uscate \u0219i ierburi, dar \u0219i op\u021biuni exotice precum rooibos \u0219i yerba mate. Aceast\u0103 gam\u0103 bogat\u0103 permite clien\u021bilor s\u0103 descopere o varietate de arome \u0219i gusturi, care fac din obiceiul, de a bea ceai, o experien\u021b\u0103 extraordinar\u0103.<\/p>\n<p>Cea mai \u00eenalt\u0103 calitate a ceaiurilor LOYD este rezultatul selec\u021biei atente a materiilor prime \u0219i a tehnologiei avansate de produc\u021bie. Materiile prime, de cea mai \u00eenalt\u0103 calitate \u0219i cele mai moderne ma\u0219ini, pentru ambalarea ceaiului \u00een piramide mici, garanteaz\u0103 o experien\u021b\u0103 gustativ\u0103 unic\u0103. Avem criterii riguroase de calitate \u0219i supraveghere asupra \u00eentregului proces de produc\u021bie. Ne ocup\u0103m de traseul de la surs\u0103, p\u00e2n\u0103 la livrarea la client.<br \/>\nCeaiul LOYD nu este doar gustos, ci \u0219i de cea mai \u00eenalt\u0103 calitate.<\/p>\n\t\t\t\t\t\t\t\t<\/div>\n\t\t\t\t<\/div>\n\t\t\t\t\t<\/div>\n\t\t\t\t<\/div>\n\t\t\t\t\t<\/div>\n\t\t\t\t<\/div>\n\t\t<div class=\"elementor-element elementor-element-df16e21 e-flex e-con-boxed e-con e-child\" data-id=\"df16e21\" data-element_type=\"container\" data-e-type=\"container\">\n\t\t\t\t\t<div class=\"e-con-inner\">\n\t\t<div class=\"elementor-element elementor-element-f452d4f e-flex e-con-boxed e-con e-child\" data-id=\"f452d4f\" data-element_type=\"container\" data-e-type=\"container\">\n\t\t\t\t\t<div class=\"e-con-inner\">\n\t\t\t\t<div class=\"elementor-element elementor-element-959e6e3 elementor-widget elementor-widget-image\" data-id=\"959e6e3\" data-element_type=\"widget\" data-e-type=\"widget\" data-widget_type=\"image.default\">\n\t\t\t\t<div class=\"elementor-widget-container\">\n\t\t\t\t\t\t\t\t\t\t\t\t\t\t\t<img decoding=\"async\" width=\"614\" height=\"510\" src=\"https:\/\/loydtea.com\/wp-content\/uploads\/2023\/09\/herbatki.png\" class=\"attachment-large size-large wp-image-7368\" alt=\"\" srcset=\"https:\/\/loydtea.com\/wp-content\/uploads\/2023\/09\/herbatki.png 614w, https:\/\/loydtea.com\/wp-content\/uploads\/2023\/09\/herbatki-300x249.png 300w\" sizes=\"(max-width: 614px) 100vw, 614px\" \/>\t\t\t\t\t\t\t\t\t\t\t\t\t\t\t<\/div>\n\t\t\t\t<\/div>\n\t\t\t\t\t<\/div>\n\t\t\t\t<\/div>\n\t\t<div class=\"elementor-element elementor-element-6a27c4f e-flex e-con-boxed e-con e-child\" data-id=\"6a27c4f\" data-element_type=\"container\" data-e-type=\"container\">\n\t\t\t\t\t<div class=\"e-con-inner\">\n\t\t\t\t<div class=\"elementor-element elementor-element-7d3176e elementor-widget elementor-widget-text-editor\" data-id=\"7d3176e\" data-element_type=\"widget\" data-e-type=\"widget\" data-widget_type=\"text-editor.default\">\n\t\t\t\t<div class=\"elementor-widget-container\">\n\t\t\t\t\t\t\t\t\t<p>Opera\u021biunile LOYD reflect\u0103 angajamentul fa\u021b\u0103 de tradi\u021bie \u0219i tehnologia avansat\u0103, permi\u021b\u00e2nd clien\u021bilor s\u0103 experimenteze ceaiul, la cel mai \u00eenalt nivel. Este o adev\u0103rat\u0103 oper\u0103 de art\u0103, care \u00eembin\u0103 gustul, aroma \u0219i elegan\u021ba. LOYD ridic\u0103 constant \u0219tacheta, oferind clien\u021bilor beneficii unice, cum ar fi senza\u021biile de gust mai profunde, func\u021bionalitatea \u0219i comoditatea prepar\u0103rii. E mai mult dec\u00e2t ceai &#8211; este o adev\u0103rat\u0103 c\u0103l\u0103torie prin lumea aromelor \u0219i gusturilor.<\/p>\n\t\t\t\t\t\t\t\t<\/div>\n\t\t\t\t<\/div>\n\t\t\t\t\t<\/div>\n\t\t\t\t<\/div>\n\t\t\t\t\t<\/div>\n\t\t\t\t<\/div>\n\t\t\t\t\t<\/div>\n\t\t\t\t<\/div>\n\t\t\t\t<\/div>\n\t\t","protected":false},"excerpt":{"rendered":"<p>premii BRAND CERTIFICATE BRAND Ceaiul este o b\u0103utur\u0103 ale c\u0103rei r\u0103d\u0103cini ajung \u00een col\u021burile lumii, unde magia naturii \u0219i imagina\u021bia uman\u0103 se \u00eempletesc \u00een pove\u0219ti minunate. R\u0103d\u0103cinile sale ajung la mun\u021bi \u00eendep\u0103rta\u021bi \u0219i p\u0103duri mistice, unde cu mult timp \u00een urm\u0103 se credea c\u0103 arbustul de\u021bine secretele armoniei \u0219i echilibrului. Un c\u0103lug\u0103r chinez, din antichitate, [&hellip;]<\/p>\n","protected":false},"author":1,"featured_media":0,"parent":0,"menu_order":0,"comment_status":"closed","ping_status":"closed","template":"","meta":{"footnotes":""},"class_list":["post-7729","page","type-page","status-publish","hentry"],"_links":{"self":[{"href":"https:\/\/loydtea.com\/ro\/wp-json\/wp\/v2\/pages\/7729","targetHints":{"allow":["GET"]}}],"collection":[{"href":"https:\/\/loydtea.com\/ro\/wp-json\/wp\/v2\/pages"}],"about":[{"href":"https:\/\/loydtea.com\/ro\/wp-json\/wp\/v2\/types\/page"}],"author":[{"embeddable":true,"href":"https:\/\/loydtea.com\/ro\/wp-json\/wp\/v2\/users\/1"}],"replies":[{"embeddable":true,"href":"https:\/\/loydtea.com\/ro\/wp-json\/wp\/v2\/comments?post=7729"}],"version-history":[{"count":8,"href":"https:\/\/loydtea.com\/ro\/wp-json\/wp\/v2\/pages\/7729\/revisions"}],"predecessor-version":[{"id":11583,"href":"https:\/\/loydtea.com\/ro\/wp-json\/wp\/v2\/pages\/7729\/revisions\/11583"}],"wp:attachment":[{"href":"https:\/\/loydtea.com\/ro\/wp-json\/wp\/v2\/media?parent=7729"}],"curies":[{"name":"wp","href":"https:\/\/api.w.org\/{rel}","templated":true}]}}