{"id":8109,"date":"2022-07-20T07:59:57","date_gmt":"2022-07-20T07:59:57","guid":{"rendered":"https:\/\/loydtea.com\/zimols\/"},"modified":"2026-03-19T11:39:15","modified_gmt":"2026-03-19T11:39:15","slug":"zimols","status":"publish","type":"page","link":"https:\/\/loydtea.com\/lv\/zimols\/","title":{"rendered":"Z\u012bmols"},"content":{"rendered":"\t\t<div data-elementor-type=\"wp-page\" data-elementor-id=\"8109\" class=\"elementor elementor-8109 elementor-15\" data-elementor-post-type=\"page\">\n\t\t\t\t<div class=\"elementor-element elementor-element-427af09 e-flex e-con-boxed e-con e-parent\" data-id=\"427af09\" data-element_type=\"container\" data-e-type=\"container\" data-settings=\"{&quot;background_background&quot;:&quot;classic&quot;}\">\n\t\t\t\t\t<div class=\"e-con-inner\">\n\t\t<div class=\"elementor-element elementor-element-a1639aa e-flex e-con-boxed e-con e-child\" data-id=\"a1639aa\" data-element_type=\"container\" data-e-type=\"container\">\n\t\t\t\t\t<div class=\"e-con-inner\">\n\t\t\t\t<div class=\"elementor-element elementor-element-b30ce40 elementor-align-justify elementor-widget__width-initial elementor-hidden-desktop elementor-hidden-laptop elementor-hidden-tablet elementor-hidden-mobile elementor-widget-mobile__width-initial elementor-widget elementor-widget-button\" data-id=\"b30ce40\" data-element_type=\"widget\" data-e-type=\"widget\" data-widget_type=\"button.default\">\n\t\t\t\t<div class=\"elementor-widget-container\">\n\t\t\t\t\t\t\t\t\t<div class=\"elementor-button-wrapper\">\n\t\t\t\t\t<a class=\"elementor-button elementor-button-link elementor-size-md\" href=\"https:\/\/loydtea.com\/nagrody\/\">\n\t\t\t\t\t\t<span class=\"elementor-button-content-wrapper\">\n\t\t\t\t\t\t\t\t\t<span class=\"elementor-button-text\">Balvas<\/span>\n\t\t\t\t\t<\/span>\n\t\t\t\t\t<\/a>\n\t\t\t\t<\/div>\n\t\t\t\t\t\t\t\t<\/div>\n\t\t\t\t<\/div>\n\t\t\t\t<div class=\"elementor-element elementor-element-2254610 elementor-align-justify elementor-widget__width-initial elementor-widget elementor-widget-button\" data-id=\"2254610\" data-element_type=\"widget\" data-e-type=\"widget\" data-widget_type=\"button.default\">\n\t\t\t\t<div class=\"elementor-widget-container\">\n\t\t\t\t\t\t\t\t\t<div class=\"elementor-button-wrapper\">\n\t\t\t\t\t<a class=\"elementor-button elementor-button-link elementor-size-md\" href=\"https:\/\/loydtea.com\/lv\/zimols\/\">\n\t\t\t\t\t\t<span class=\"elementor-button-content-wrapper\">\n\t\t\t\t\t\t\t\t\t<span class=\"elementor-button-text\">Z\u012aMOLS<\/span>\n\t\t\t\t\t<\/span>\n\t\t\t\t\t<\/a>\n\t\t\t\t<\/div>\n\t\t\t\t\t\t\t\t<\/div>\n\t\t\t\t<\/div>\n\t\t\t\t<div class=\"elementor-element elementor-element-e441c91 elementor-align-justify elementor-widget__width-initial elementor-widget elementor-widget-button\" data-id=\"e441c91\" data-element_type=\"widget\" data-e-type=\"widget\" data-widget_type=\"button.default\">\n\t\t\t\t<div class=\"elementor-widget-container\">\n\t\t\t\t\t\t\t\t\t<div class=\"elementor-button-wrapper\">\n\t\t\t\t\t<a class=\"elementor-button elementor-button-link elementor-size-md\" href=\"https:\/\/loydtea.com\/lv\/sertifikati\/\">\n\t\t\t\t\t\t<span class=\"elementor-button-content-wrapper\">\n\t\t\t\t\t\t\t\t\t<span class=\"elementor-button-text\">SERTIFIK\u0100TI<\/span>\n\t\t\t\t\t<\/span>\n\t\t\t\t\t<\/a>\n\t\t\t\t<\/div>\n\t\t\t\t\t\t\t\t<\/div>\n\t\t\t\t<\/div>\n\t\t\t\t\t<\/div>\n\t\t\t\t<\/div>\n\t\t\t\t<div class=\"elementor-element elementor-element-27970f9 elementor-widget elementor-widget-heading\" data-id=\"27970f9\" data-element_type=\"widget\" data-e-type=\"widget\" data-widget_type=\"heading.default\">\n\t\t\t\t<div class=\"elementor-widget-container\">\n\t\t\t\t\t<h1 class=\"elementor-heading-title elementor-size-default\">Z\u012aMOLS<\/h1>\t\t\t\t<\/div>\n\t\t\t\t<\/div>\n\t\t\t\t<div class=\"elementor-element elementor-element-81c6d57 elementor-widget__width-initial elementor-widget elementor-widget-text-editor\" data-id=\"81c6d57\" data-element_type=\"widget\" data-e-type=\"widget\" data-widget_type=\"text-editor.default\">\n\t\t\t\t<div class=\"elementor-widget-container\">\n\t\t\t\t\t\t\t\t\t<p>T\u0113ja ir dz\u0113riens, kura saknes mekl\u0113jamas pasaules nost\u016bros, kur dabas burv\u012bba un cilv\u0113ka izt\u0113le savijas br\u012bni\u0161\u0137\u012bgos st\u0101stos. T\u0101s saknes mekl\u0113jamas t\u0101lajos, mistiskajos kalnu me\u017eos, kur jau izsenis tika uzskat\u012bts, ka kr\u016bmi glab\u0101 harmonijas un l\u012bdzsvara nosl\u0113pumus.<\/p>\n\t\t\t\t\t\t\t\t<\/div>\n\t\t\t\t<\/div>\n\t\t\t\t\t<\/div>\n\t\t\t\t<\/div>\n\t\t<div class=\"elementor-element elementor-element-5b1d5cb e-flex e-con-boxed e-con e-parent\" data-id=\"5b1d5cb\" data-element_type=\"container\" data-e-type=\"container\" data-settings=\"{&quot;background_background&quot;:&quot;classic&quot;}\">\n\t\t\t\t\t<div class=\"e-con-inner\">\n\t\t\t\t\t<\/div>\n\t\t\t\t<\/div>\n\t\t<div class=\"elementor-element elementor-element-e0e7362 e-flex e-con-boxed e-con e-parent\" data-id=\"e0e7362\" data-element_type=\"container\" data-e-type=\"container\" data-settings=\"{&quot;background_background&quot;:&quot;classic&quot;}\">\n\t\t\t\t\t<div class=\"e-con-inner\">\n\t\t<div class=\"elementor-element elementor-element-5eaf8fa e-flex e-con-boxed e-con e-child\" data-id=\"5eaf8fa\" data-element_type=\"container\" data-e-type=\"container\">\n\t\t\t\t\t<div class=\"e-con-inner\">\n\t\t<div class=\"elementor-element elementor-element-effa88a e-flex e-con-boxed e-con e-child\" data-id=\"effa88a\" data-element_type=\"container\" data-e-type=\"container\">\n\t\t\t\t\t<div class=\"e-con-inner\">\n\t\t\t\t<div class=\"elementor-element elementor-element-7eb1159 elementor-widget elementor-widget-image\" data-id=\"7eb1159\" data-element_type=\"widget\" data-e-type=\"widget\" data-widget_type=\"image.default\">\n\t\t\t\t<div class=\"elementor-widget-container\">\n\t\t\t\t\t\t\t\t\t\t\t\t\t\t\t<img fetchpriority=\"high\" decoding=\"async\" width=\"800\" height=\"848\" src=\"https:\/\/loydtea.com\/wp-content\/uploads\/2023\/09\/top-view-tea-cinnamon-cup-herbal-tea-cinnamon-sticks-saucer-lemon-teapot-leaves-white-table.png\" class=\"attachment-large size-large wp-image-1876\" alt=\"\" srcset=\"https:\/\/loydtea.com\/wp-content\/uploads\/2023\/09\/top-view-tea-cinnamon-cup-herbal-tea-cinnamon-sticks-saucer-lemon-teapot-leaves-white-table.png 896w, https:\/\/loydtea.com\/wp-content\/uploads\/2023\/09\/top-view-tea-cinnamon-cup-herbal-tea-cinnamon-sticks-saucer-lemon-teapot-leaves-white-table-283x300.png 283w, https:\/\/loydtea.com\/wp-content\/uploads\/2023\/09\/top-view-tea-cinnamon-cup-herbal-tea-cinnamon-sticks-saucer-lemon-teapot-leaves-white-table-768x814.png 768w\" sizes=\"(max-width: 800px) 100vw, 800px\" \/>\t\t\t\t\t\t\t\t\t\t\t\t\t\t\t<\/div>\n\t\t\t\t<\/div>\n\t\t\t\t\t<\/div>\n\t\t\t\t<\/div>\n\t\t<div class=\"elementor-element elementor-element-dc93b29 e-flex e-con-boxed e-con e-child\" data-id=\"dc93b29\" data-element_type=\"container\" data-e-type=\"container\">\n\t\t\t\t\t<div class=\"e-con-inner\">\n\t\t\t\t<div class=\"elementor-element elementor-element-44ba4fc elementor-widget elementor-widget-text-editor\" data-id=\"44ba4fc\" data-element_type=\"widget\" data-e-type=\"widget\" data-widget_type=\"text-editor.default\">\n\t\t\t\t<div class=\"elementor-widget-container\">\n\t\t\t\t\t\t\t\t\t<p>Senais \u0137\u012bnie\u0161u m\u016bks, kuru fascin\u0113ja daba un t\u0101s br\u012bnumi, rad\u012bja uzl\u0113jumu no lap\u0101m, kas peld uz \u016bdens. \u0160is dz\u0113riens k\u013c\u016bst ne tikai par relaks\u0101ciju, bet ar\u012b par durv\u012bm uz cit\u0101m dimensij\u0101m. Cilv\u0113ki uzskata, ka t\u0113ja ir cie\u0161i saist\u012bta ar dabu un gar\u012bgo pasauli.<\/p>\n<p>\u201cLoyd\u201d burv\u012bba k\u013c\u016bst par realit\u0101ti, kur aizmirsta le\u0123enda k\u013c\u016bst par realit\u0101ti.<\/p>\n<p>Katrs t\u0113jas malks ir ce\u013cojums laik\u0101 un telp\u0101.<br \/>Za\u013c\u0101s t\u0113jas gar\u0161\u0101 j\u016bs atkl\u0101siet l\u012b\u010da klusumu. Ar melno t\u0113ju sajut\u012bsiet zemes sp\u0113ku, un aug\u013cu uzl\u0113juma arom\u0101t\u0101 j\u016bs atrad\u012bsiet smar\u017eu, ko rada virs kalniem uzleco\u0161\u0101 saule.<\/p>\n<p>T\u0113ja k\u013c\u016bst par lielisku draugu, kas var aizvest j\u016bs uz vietu,<br \/>kur laiks pal\u0113nin\u0101s un domas k\u013c\u016bst gai\u0161\u0101kas.<br \/>Tas nav tikai dz\u0113riens, tas ir ritu\u0101ls, kas m\u0101ca m\u016bs p\u0101rdom\u0101t<br \/>un b\u016bt tagadn\u0113.<\/p>\n\t\t\t\t\t\t\t\t<\/div>\n\t\t\t\t<\/div>\n\t\t\t\t\t<\/div>\n\t\t\t\t<\/div>\n\t\t\t\t\t<\/div>\n\t\t\t\t<\/div>\n\t\t<div class=\"elementor-element elementor-element-a9d14ec e-flex e-con-boxed e-con e-child\" data-id=\"a9d14ec\" data-element_type=\"container\" data-e-type=\"container\">\n\t\t\t\t\t<div class=\"e-con-inner\">\n\t\t<div class=\"elementor-element elementor-element-e180f0b e-flex e-con-boxed e-con e-child\" data-id=\"e180f0b\" data-element_type=\"container\" data-e-type=\"container\">\n\t\t\t\t\t<div class=\"e-con-inner\">\n\t\t\t\t<div class=\"elementor-element elementor-element-5669533 elementor-widget elementor-widget-text-editor\" data-id=\"5669533\" data-element_type=\"widget\" data-e-type=\"widget\" data-widget_type=\"text-editor.default\">\n\t\t\t\t<div class=\"elementor-widget-container\">\n\t\t\t\t\t\t\t\t\t<p>T\u0113jas dzer\u0161ana ir ar\u012b atp\u016bta no ikdienas burzmas, br\u012bdis, kas velt\u012bts tikai sev. T\u0113ja ir pavadonis klusiem vakariem un iedvesmojo\u0161\u0101m sarun\u0101m parastos apst\u0101k\u013cos. Vien\u0101 tas\u012bt\u0113 sl\u0113pjas ma\u0123isks sp\u0113ks, kas atjauno m\u016bsu iek\u0161\u0113jo mieru.<\/p>\n<p>Lielie t\u0113jas meistari saka, ka t\u0113ja ir dz\u012bves m\u0101ksla.<br \/>\u201cLoyd\u201d t\u0113ja ir m\u0101ksla atkl\u0101t skaistumu vienk\u0101r\u0161\u0101s liet\u0101s.<\/p>\n<p>Tas, ka var izmantot mirkli, atvilkt elpu un palutin\u0101t sevi ar desmit maziem greznumiem, padara<br \/>t\u0113ju mums par vair\u0101k nek\u0101 tikai iepakojumu. T\u0101 pal\u012bdz atrast mieru trok\u0161\u0146ainaj\u0101 pasaul\u0113.<\/p>\n<p>Pace\u013cot tas\u012bti pie l\u016bp\u0101m, nop\u016b\u0161amies arom\u0101tiskaj\u0101 migl\u0101. Pateicoties \u201cLoyd\u201d, t\u0113jas burv\u012bba iev\u012bsies m\u016bsu sird\u012bs. Ar burv\u012bgu gar\u0161u m\u0113s atkl\u0101jam t\u0113jas dz\u0113riena paties\u0101s sast\u0101vda\u013cas.<\/p>\n<p>\u201cLoyd\u201d ir ma\u0123iskais ce\u013cojums, ko nevarat izbaud\u012bt, ja vien to neesat izgar\u0161ojusi.<br \/>M\u0113s aicin\u0101m p\u0101rdom\u0101t burv\u012bbu.<\/p>\n\t\t\t\t\t\t\t\t<\/div>\n\t\t\t\t<\/div>\n\t\t\t\t\t<\/div>\n\t\t\t\t<\/div>\n\t\t<div class=\"elementor-element elementor-element-451bece e-flex e-con-boxed e-con e-child\" data-id=\"451bece\" data-element_type=\"container\" data-e-type=\"container\">\n\t\t\t\t\t<div class=\"e-con-inner\">\n\t\t\t\t<div class=\"elementor-element elementor-element-0060484 elementor-widget elementor-widget-image\" data-id=\"0060484\" data-element_type=\"widget\" data-e-type=\"widget\" data-widget_type=\"image.default\">\n\t\t\t\t<div class=\"elementor-widget-container\">\n\t\t\t\t\t\t\t\t\t\t\t\t\t\t\t<img decoding=\"async\" width=\"800\" height=\"774\" src=\"https:\/\/loydtea.com\/wp-content\/uploads\/2023\/09\/herbaty.png\" class=\"attachment-large size-large wp-image-1880\" alt=\"\" srcset=\"https:\/\/loydtea.com\/wp-content\/uploads\/2023\/09\/herbaty.png 857w, https:\/\/loydtea.com\/wp-content\/uploads\/2023\/09\/herbaty-300x290.png 300w, https:\/\/loydtea.com\/wp-content\/uploads\/2023\/09\/herbaty-768x743.png 768w\" sizes=\"(max-width: 800px) 100vw, 800px\" \/>\t\t\t\t\t\t\t\t\t\t\t\t\t\t\t<\/div>\n\t\t\t\t<\/div>\n\t\t\t\t\t<\/div>\n\t\t\t\t<\/div>\n\t\t\t\t\t<\/div>\n\t\t\t\t<\/div>\n\t\t\t\t\t<\/div>\n\t\t\t\t<\/div>\n\t\t<div class=\"elementor-element elementor-element-7a98b69 e-flex e-con-boxed e-con e-parent\" data-id=\"7a98b69\" data-element_type=\"container\" data-e-type=\"container\" data-settings=\"{&quot;background_background&quot;:&quot;classic&quot;}\">\n\t\t\t\t\t<div class=\"e-con-inner\">\n\t\t\t\t\t<\/div>\n\t\t\t\t<\/div>\n\t\t<div class=\"elementor-element elementor-element-dcf418e e-flex e-con-boxed e-con e-parent\" data-id=\"dcf418e\" data-element_type=\"container\" data-e-type=\"container\" data-settings=\"{&quot;background_background&quot;:&quot;classic&quot;}\">\n\t\t\t\t\t<div class=\"e-con-inner\">\n\t\t<div class=\"elementor-element elementor-element-4445159 e-flex e-con-boxed e-con e-child\" data-id=\"4445159\" data-element_type=\"container\" data-e-type=\"container\">\n\t\t\t\t\t<div class=\"e-con-inner\">\n\t\t<div class=\"elementor-element elementor-element-7b9ef3c e-flex e-con-boxed e-con e-child\" data-id=\"7b9ef3c\" data-element_type=\"container\" data-e-type=\"container\" data-settings=\"{&quot;background_background&quot;:&quot;classic&quot;}\">\n\t\t\t\t\t<div class=\"e-con-inner\">\n\t\t\t\t<div class=\"elementor-element elementor-element-3397fe8 elementor-widget elementor-widget-text-editor\" data-id=\"3397fe8\" data-element_type=\"widget\" data-e-type=\"widget\" data-widget_type=\"text-editor.default\">\n\t\t\t\t<div class=\"elementor-widget-container\">\n\t\t\t\t\t\t\t\t\t<p>\u201cLOYD\u201d z\u012bmola st\u0101sts, kura pamat\u0101 ir gadiem ilga pieredze un sadarb\u012bba ar slaveno Londonas \u201cThompson Lloyd &amp; Edwards\u201d t\u0113jn\u012bcu, ir patiess st\u0101sts par kaisl\u012bbu, kvalit\u0101ti un trad\u012bcij\u0101m. \u0160is st\u0101sts aizs\u0101k\u0101s 1760. gad\u0101, kad \u201cThompson Lloyd &amp; Edwards\u201d uzs\u0101ka uz\u0146\u0113m\u0113jdarb\u012bbu Londonas centr\u0101, radot unik\u0101las gar\u0161as t\u0113jas. LOYD z\u012bmols turpina \u0161o aizraujo\u0161o trad\u012bciju, cen\u0161oties nodro\u0161in\u0101t klientiem visaugst\u0101ko kvalit\u0101ti, eleganci un presti\u017eu.<\/p>\n<p>LOYD sortiment\u0101 ir meln\u0101s, za\u013c\u0101s un balt\u0101s t\u0113jas ar \u017e\u0101v\u0113tiem aug\u013ciem un z\u0101l\u0113m, k\u0101 ar\u012b eksotiskas t\u0113jas, piem\u0113ram, rooibos un yerba mate. \u0160\u012b pla\u0161\u0101 izv\u0113le \u013cauj klientiem atkl\u0101t da\u017e\u0101das gar\u0161as un arom\u0101tus, padarot t\u0113jas dzer\u0161anu par neparastu pieredzi.<\/p>\n<p>Augst\u0101ko \u201cLOYD\u201d t\u0113ju kvalit\u0101ti nodro\u0161ina r\u016bp\u012bga izejvielu atlase un progres\u012bva ra\u017eo\u0161anas tehnolo\u0123ija. Augst\u0101k\u0101s kvalit\u0101tes izejvielas un modern\u0101k\u0101s piram\u012bdveida t\u0113jas iepako\u0161anas iek\u0101rtas garant\u0113 unik\u0101lu gar\u0161as pieredzi. Mums ir stingri kvalit\u0101tes krit\u0113riji un visa ra\u017eo\u0161anas procesa p\u0101rraudz\u012bba. M\u0113s r\u016bp\u0113jamies par ce\u013cu no pieg\u0101des avota l\u012bdz pieg\u0101dei klientam.<br \/>\u201cLOYD\u201d t\u0113ja ir ne tikai gar\u0161\u012bga, bet ar\u012b augst\u0101k\u0101s kvalit\u0101tes.<\/p>\n\t\t\t\t\t\t\t\t<\/div>\n\t\t\t\t<\/div>\n\t\t\t\t\t<\/div>\n\t\t\t\t<\/div>\n\t\t\t\t\t<\/div>\n\t\t\t\t<\/div>\n\t\t<div class=\"elementor-element elementor-element-df16e21 e-flex e-con-boxed e-con e-child\" data-id=\"df16e21\" data-element_type=\"container\" data-e-type=\"container\">\n\t\t\t\t\t<div class=\"e-con-inner\">\n\t\t<div class=\"elementor-element elementor-element-f452d4f e-flex e-con-boxed e-con e-child\" data-id=\"f452d4f\" data-element_type=\"container\" data-e-type=\"container\">\n\t\t\t\t\t<div class=\"e-con-inner\">\n\t\t\t\t<div class=\"elementor-element elementor-element-959e6e3 elementor-widget elementor-widget-image\" data-id=\"959e6e3\" data-element_type=\"widget\" data-e-type=\"widget\" data-widget_type=\"image.default\">\n\t\t\t\t<div class=\"elementor-widget-container\">\n\t\t\t\t\t\t\t\t\t\t\t\t\t\t\t<img decoding=\"async\" width=\"614\" height=\"510\" src=\"https:\/\/loydtea.com\/wp-content\/uploads\/2023\/09\/herbatki.png\" class=\"attachment-large size-large wp-image-3028\" alt=\"\" srcset=\"https:\/\/loydtea.com\/wp-content\/uploads\/2023\/09\/herbatki.png 614w, https:\/\/loydtea.com\/wp-content\/uploads\/2023\/09\/herbatki-300x249.png 300w\" sizes=\"(max-width: 614px) 100vw, 614px\" \/>\t\t\t\t\t\t\t\t\t\t\t\t\t\t\t<\/div>\n\t\t\t\t<\/div>\n\t\t\t\t\t<\/div>\n\t\t\t\t<\/div>\n\t\t<div class=\"elementor-element elementor-element-6a27c4f e-flex e-con-boxed e-con e-child\" data-id=\"6a27c4f\" data-element_type=\"container\" data-e-type=\"container\">\n\t\t\t\t\t<div class=\"e-con-inner\">\n\t\t\t\t<div class=\"elementor-element elementor-element-7d3176e elementor-widget elementor-widget-text-editor\" data-id=\"7d3176e\" data-element_type=\"widget\" data-e-type=\"widget\" data-widget_type=\"text-editor.default\">\n\t\t\t\t<div class=\"elementor-widget-container\">\n\t\t\t\t\t\t\t\t\t<p>\u201cLOYD\u201d darb\u012bba atspogu\u013co t\u0101s uztic\u012bbu trad\u012bcij\u0101m un progres\u012bv\u0101m tehnolo\u0123ij\u0101m, \u013caujot klientiem izbaud\u012bt t\u0113ju sav\u0101 vislab\u0101kaj\u0101 noz\u012bm\u0113. Tas ir \u012bstais m\u0101kslas darbs, kas apvieno gar\u0161u, arom\u0101tu un eleganci. \u201cLOYD\u201d nep\u0101rtraukti att\u012bst\u0101s, pied\u0101v\u0101jot klientiem unik\u0101las priek\u0161roc\u012bbas, piem\u0113ram, dzi\u013c\u0101kas gar\u0161as saj\u016btas, funkcionalit\u0101ti un pagatavo\u0161anas \u0113rtumu. Tas ir kas vair\u0101k nek\u0101 tikai t\u0113ja \u2013 tas ir \u012bstais ce\u013cojums gar\u0161u un arom\u0101tu pasaul\u0113.<\/p>\n\t\t\t\t\t\t\t\t<\/div>\n\t\t\t\t<\/div>\n\t\t\t\t\t<\/div>\n\t\t\t\t<\/div>\n\t\t\t\t\t<\/div>\n\t\t\t\t<\/div>\n\t\t\t\t\t<\/div>\n\t\t\t\t<\/div>\n\t\t\t\t<\/div>\n\t\t","protected":false},"excerpt":{"rendered":"<p>Balvas Z\u012aMOLS SERTIFIK\u0100TI Z\u012aMOLS T\u0113ja ir dz\u0113riens, kura saknes mekl\u0113jamas pasaules nost\u016bros, kur dabas burv\u012bba un cilv\u0113ka izt\u0113le savijas br\u012bni\u0161\u0137\u012bgos st\u0101stos. T\u0101s saknes mekl\u0113jamas t\u0101lajos, mistiskajos kalnu me\u017eos, kur jau izsenis tika uzskat\u012bts, ka kr\u016bmi glab\u0101 harmonijas un l\u012bdzsvara nosl\u0113pumus. Senais \u0137\u012bnie\u0161u m\u016bks, kuru fascin\u0113ja daba un t\u0101s br\u012bnumi, rad\u012bja uzl\u0113jumu no lap\u0101m, kas peld [&hellip;]<\/p>\n","protected":false},"author":1,"featured_media":0,"parent":0,"menu_order":0,"comment_status":"closed","ping_status":"closed","template":"","meta":{"footnotes":""},"class_list":["post-8109","page","type-page","status-publish","hentry"],"_links":{"self":[{"href":"https:\/\/loydtea.com\/lv\/wp-json\/wp\/v2\/pages\/8109","targetHints":{"allow":["GET"]}}],"collection":[{"href":"https:\/\/loydtea.com\/lv\/wp-json\/wp\/v2\/pages"}],"about":[{"href":"https:\/\/loydtea.com\/lv\/wp-json\/wp\/v2\/types\/page"}],"author":[{"embeddable":true,"href":"https:\/\/loydtea.com\/lv\/wp-json\/wp\/v2\/users\/1"}],"replies":[{"embeddable":true,"href":"https:\/\/loydtea.com\/lv\/wp-json\/wp\/v2\/comments?post=8109"}],"version-history":[{"count":3,"href":"https:\/\/loydtea.com\/lv\/wp-json\/wp\/v2\/pages\/8109\/revisions"}],"predecessor-version":[{"id":11347,"href":"https:\/\/loydtea.com\/lv\/wp-json\/wp\/v2\/pages\/8109\/revisions\/11347"}],"wp:attachment":[{"href":"https:\/\/loydtea.com\/lv\/wp-json\/wp\/v2\/media?parent=8109"}],"curies":[{"name":"wp","href":"https:\/\/api.w.org\/{rel}","templated":true}]}}