{"id":6696,"date":"2022-07-20T07:59:49","date_gmt":"2022-07-20T07:59:49","guid":{"rendered":"https:\/\/loydtea.com\/contact\/"},"modified":"2025-03-06T10:12:01","modified_gmt":"2025-03-06T10:12:01","slug":"kontaktai","status":"publish","type":"page","link":"https:\/\/loydtea.com\/lt\/kontaktai\/","title":{"rendered":"Kontaktai"},"content":{"rendered":"\t\t<div data-elementor-type=\"wp-page\" data-elementor-id=\"6696\" class=\"elementor elementor-6696 elementor-13\" data-elementor-post-type=\"page\">\n\t\t\t\t<div class=\"elementor-element elementor-element-a671700 e-flex e-con-boxed e-con e-parent\" data-id=\"a671700\" data-element_type=\"container\" data-e-type=\"container\" data-settings=\"{&quot;background_background&quot;:&quot;classic&quot;}\">\n\t\t\t\t\t<div class=\"e-con-inner\">\n\t\t<div class=\"elementor-element elementor-element-87c2c82 e-flex e-con-boxed e-con e-child\" data-id=\"87c2c82\" data-element_type=\"container\" data-e-type=\"container\">\n\t\t\t\t\t<div class=\"e-con-inner\">\n\t\t<div class=\"elementor-element elementor-element-50681ce e-flex e-con-boxed e-con e-child\" data-id=\"50681ce\" data-element_type=\"container\" data-e-type=\"container\">\n\t\t\t\t\t<div class=\"e-con-inner\">\n\t\t\t\t<div class=\"elementor-element elementor-element-35e6f09 elementor-widget elementor-widget-heading\" data-id=\"35e6f09\" data-element_type=\"widget\" data-e-type=\"widget\" data-widget_type=\"heading.default\">\n\t\t\t\t<div class=\"elementor-widget-container\">\n\t\t\t\t\t<h1 class=\"elementor-heading-title elementor-size-default\">Laukiame<br>J\u016bs\u0173 susisiekimo<\/h1>\t\t\t\t<\/div>\n\t\t\t\t<\/div>\n\t\t\t\t\t<\/div>\n\t\t\t\t<\/div>\n\t\t<div class=\"elementor-element elementor-element-a64fffb e-flex e-con-boxed e-con e-child\" data-id=\"a64fffb\" data-element_type=\"container\" data-e-type=\"container\">\n\t\t\t\t\t<div class=\"e-con-inner\">\n\t\t\t\t<div class=\"elementor-element elementor-element-3602f07 elementor-widget elementor-widget-heading\" data-id=\"3602f07\" data-element_type=\"widget\" data-e-type=\"widget\" data-widget_type=\"heading.default\">\n\t\t\t\t<div class=\"elementor-widget-container\">\n\t\t\t\t\t<h2 class=\"elementor-heading-title elementor-size-default\">MOKATE SA<\/h2>\t\t\t\t<\/div>\n\t\t\t\t<\/div>\n\t\t<div class=\"elementor-element elementor-element-ff30992 e-flex e-con-boxed e-con e-child\" data-id=\"ff30992\" data-element_type=\"container\" data-e-type=\"container\">\n\t\t\t\t\t<div class=\"e-con-inner\">\n\t\t\t\t<div class=\"elementor-element elementor-element-2e09f68 elementor-widget elementor-widget-text-editor\" data-id=\"2e09f68\" data-element_type=\"widget\" data-e-type=\"widget\" data-widget_type=\"text-editor.default\">\n\t\t\t\t<div class=\"elementor-widget-container\">\n\t\t\t\t\t\t\t\t\t<p>ul. Katowicka 265a<br \/>43-450 Ustro\u0144, Polska<\/p>\n\t\t\t\t\t\t\t\t<\/div>\n\t\t\t\t<\/div>\n\t\t\t\t<div class=\"elementor-element elementor-element-2b9591e elementor-icon-list--layout-traditional elementor-list-item-link-full_width elementor-widget elementor-widget-icon-list\" data-id=\"2b9591e\" data-element_type=\"widget\" data-e-type=\"widget\" data-widget_type=\"icon-list.default\">\n\t\t\t\t<div class=\"elementor-widget-container\">\n\t\t\t\t\t\t\t<ul class=\"elementor-icon-list-items\">\n\t\t\t\t\t\t\t<li class=\"elementor-icon-list-item\">\n\t\t\t\t\t\t\t\t\t\t\t<a href=\"tel:+48338549100\">\n\n\t\t\t\t\t\t\t\t\t\t\t\t<span class=\"elementor-icon-list-icon\">\n\t\t\t\t\t\t\t<svg xmlns=\"http:\/\/www.w3.org\/2000\/svg\" width=\"15.985\" height=\"16.318\" viewBox=\"0 0 15.985 16.318\"><path id=\"telephone\" d=\"M20.137,16.445c-.013-.016-2.442-2.313-2.457-2.329a1.722,1.722,0,0,0-2.372.286c-1.243,1.558-4.058-1.35-5.167-3.224-.585-1.3.233-1.811.3-1.874a1.711,1.711,0,0,0,.32-2.344L8.542,4.435c-1.417-1.419-3.24.95-3.493,1.387-2.124,3.317,3.41,9.191,3.85,9.661.238.291,6.43,6.464,9.722,4.4.427-.229,2.891-1.965,1.516-3.438Zm-.185,1.116c-.115.766-1.215,1.575-1.629,1.822-2.955,1.76-8.641-3.933-8.99-4.287-.084-.088-5.7-5.963-3.8-8.957.261-.4,1.107-1.472,1.879-1.559a.843.843,0,0,1,.7.257l2.191,2.491a1.122,1.122,0,0,1-.248,1.536,1.976,1.976,0,0,0-.443,2.576,8.745,8.745,0,0,0,.866,1.247,9.418,9.418,0,0,0,2.708,2.431,1.965,1.965,0,0,0,2.573-.356,1.125,1.125,0,0,1,1.528-.208l2.418,2.291a.847.847,0,0,1,.24.717Z\" transform=\"translate(-4.565 -3.987)\" fill=\"#fff\"><\/path><\/svg>\t\t\t\t\t\t<\/span>\n\t\t\t\t\t\t\t\t\t\t<span class=\"elementor-icon-list-text\">tel.: +48 33 854 91 00<\/span>\n\t\t\t\t\t\t\t\t\t\t\t<\/a>\n\t\t\t\t\t\t\t\t\t<\/li>\n\t\t\t\t\t\t\t\t<li class=\"elementor-icon-list-item\">\n\t\t\t\t\t\t\t\t\t\t\t<a href=\"fax:+48338549139\">\n\n\t\t\t\t\t\t\t\t\t\t\t\t<span class=\"elementor-icon-list-icon\">\n\t\t\t\t\t\t\t<svg xmlns=\"http:\/\/www.w3.org\/2000\/svg\" width=\"15.831\" height=\"16.318\" viewBox=\"0 0 15.831 16.318\"><path id=\"fax\" d=\"M30.287,13.8h-.046V11.266a.263.263,0,0,0-.077-.186l-3-3A.263.263,0,0,0,26.975,8H21.446a.263.263,0,0,0-.263.263V13.8h-.453V11.833a1.088,1.088,0,0,0-1.087-1.087H18a1.088,1.088,0,0,0-1.087,1.087V13.8h-.585a.935.935,0,0,0-.934.934v8.649a.935.935,0,0,0,.934.934H30.287a.935.935,0,0,0,.934-.934V14.735a.935.935,0,0,0-.934-.934ZM27.238,8.9l2.1,2.1h-2.1Zm-5.529-.372h5v2.74a.263.263,0,0,0,.263.263h2.74V13.8H21.709Zm-4.274,3.307A.561.561,0,0,1,18,11.272h1.647a.561.561,0,0,1,.561.561V20.5a.561.561,0,0,1-.561.561H18a.561.561,0,0,1-.561-.561ZM30.695,23.384a.408.408,0,0,1-.407.407H16.324a.408.408,0,0,1-.407-.407V14.735a.408.408,0,0,1,.407-.407h.585V20.5A1.088,1.088,0,0,0,18,21.587h1.647A1.088,1.088,0,0,0,20.73,20.5V14.327h9.557a.408.408,0,0,1,.407.407v8.649Zm-7.841-5.862H29.1a.742.742,0,0,0,.742-.742v-.969a.742.742,0,0,0-.742-.742H22.854a.742.742,0,0,0-.742.742v.969a.742.742,0,0,0,.742.742Zm-.215-1.71a.215.215,0,0,1,.215-.215H29.1a.215.215,0,0,1,.215.215v.969A.215.215,0,0,1,29.1,17H22.854a.215.215,0,0,1-.215-.215v-.969Zm.467,2.485a.994.994,0,1,0,.994.994A.995.995,0,0,0,23.106,18.3Zm0,1.461a.467.467,0,1,1,.467-.467A.468.468,0,0,1,23.106,19.759ZM28.845,18.3a.994.994,0,1,0,.994.994A.995.995,0,0,0,28.845,18.3Zm0,1.461a.467.467,0,1,1,.467-.467A.468.468,0,0,1,28.845,19.759ZM25.976,18.3a.994.994,0,1,0,.994.994A.995.995,0,0,0,25.976,18.3Zm0,1.461a.467.467,0,1,1,.467-.467A.468.468,0,0,1,25.976,19.759Zm-2.87,1.3a.994.994,0,1,0,.994.994A.995.995,0,0,0,23.106,21.061Zm0,1.461a.467.467,0,1,1,.467-.467.468.468,0,0,1-.467.467Zm5.739-1.461a.994.994,0,1,0,.994.994A.995.995,0,0,0,28.845,21.061Zm0,1.461a.467.467,0,1,1,.467-.467A.468.468,0,0,1,28.845,22.522Zm-2.87-1.461a.994.994,0,1,0,.994.994A.995.995,0,0,0,25.975,21.061Zm0,1.461a.467.467,0,1,1,.467-.467A.468.468,0,0,1,25.975,22.522Z\" transform=\"translate(-15.39 -8)\" fill=\"#fff\"><\/path><\/svg>\t\t\t\t\t\t<\/span>\n\t\t\t\t\t\t\t\t\t\t<span class=\"elementor-icon-list-text\">fax:+48 33 854 91 39<\/span>\n\t\t\t\t\t\t\t\t\t\t\t<\/a>\n\t\t\t\t\t\t\t\t\t<\/li>\n\t\t\t\t\t\t<\/ul>\n\t\t\t\t\t\t<\/div>\n\t\t\t\t<\/div>\n\t\t\t\t\t<\/div>\n\t\t\t\t<\/div>\n\t\t<div class=\"elementor-element elementor-element-2dff7e7 e-flex e-con-boxed e-con e-child\" data-id=\"2dff7e7\" data-element_type=\"container\" data-e-type=\"container\">\n\t\t\t\t\t<div class=\"e-con-inner\">\n\t\t<div class=\"elementor-element elementor-element-e1257b8 e-flex e-con-boxed e-con e-child\" data-id=\"e1257b8\" data-element_type=\"container\" data-e-type=\"container\">\n\t\t\t\t\t<div class=\"e-con-inner\">\n\t\t\t\t<div class=\"elementor-element elementor-element-3860509 elementor-widget elementor-widget-heading\" data-id=\"3860509\" data-element_type=\"widget\" data-e-type=\"widget\" data-widget_type=\"heading.default\">\n\t\t\t\t<div class=\"elementor-widget-container\">\n\t\t\t\t\t<p class=\"elementor-heading-title elementor-size-default\">Marketingo skyrius<\/p>\t\t\t\t<\/div>\n\t\t\t\t<\/div>\n\t\t\t\t<div class=\"elementor-element elementor-element-2ed5e68 elementor-widget elementor-widget-heading\" data-id=\"2ed5e68\" data-element_type=\"widget\" data-e-type=\"widget\" data-widget_type=\"heading.default\">\n\t\t\t\t<div class=\"elementor-widget-container\">\n\t\t\t\t\t<p class=\"elementor-heading-title elementor-size-default\"><a href=\"mailto:marketing@mokate.com.pl\">marketing@mokate.com.pl<\/a><\/p>\t\t\t\t<\/div>\n\t\t\t\t<\/div>\n\t\t\t\t\t<\/div>\n\t\t\t\t<\/div>\n\t\t<div class=\"elementor-element elementor-element-af47ba5 e-flex e-con-boxed e-con e-child\" data-id=\"af47ba5\" data-element_type=\"container\" data-e-type=\"container\">\n\t\t\t\t\t<div class=\"e-con-inner\">\n\t\t\t\t<div class=\"elementor-element elementor-element-fe7e8f9 elementor-widget elementor-widget-heading\" data-id=\"fe7e8f9\" data-element_type=\"widget\" data-e-type=\"widget\" data-widget_type=\"heading.default\">\n\t\t\t\t<div class=\"elementor-widget-container\">\n\t\t\t\t\t<p class=\"elementor-heading-title elementor-size-default\">Kokyb\u0117s skyrius<\/p>\t\t\t\t<\/div>\n\t\t\t\t<\/div>\n\t\t\t\t<div class=\"elementor-element elementor-element-4573ae2 elementor-widget elementor-widget-heading\" data-id=\"4573ae2\" data-element_type=\"widget\" data-e-type=\"widget\" data-widget_type=\"heading.default\">\n\t\t\t\t<div class=\"elementor-widget-container\">\n\t\t\t\t\t<p class=\"elementor-heading-title elementor-size-default\"><a href=\"mailto:kj@mokate.com.pl\">dzialjakosci@mokate.com.pl<\/a><\/p>\t\t\t\t<\/div>\n\t\t\t\t<\/div>\n\t\t\t\t\t<\/div>\n\t\t\t\t<\/div>\n\t\t<div class=\"elementor-element elementor-element-245a3c2 e-flex e-con-boxed e-con e-child\" data-id=\"245a3c2\" data-element_type=\"container\" data-e-type=\"container\">\n\t\t\t\t\t<div class=\"e-con-inner\">\n\t\t\t\t<div class=\"elementor-element elementor-element-39a9a4e elementor-widget elementor-widget-heading\" data-id=\"39a9a4e\" data-element_type=\"widget\" data-e-type=\"widget\" data-widget_type=\"heading.default\">\n\t\t\t\t<div class=\"elementor-widget-container\">\n\t\t\t\t\t<p class=\"elementor-heading-title elementor-size-default\">Prekybos skyrius<\/p>\t\t\t\t<\/div>\n\t\t\t\t<\/div>\n\t\t\t\t<div class=\"elementor-element elementor-element-9b96df0 elementor-widget elementor-widget-heading\" data-id=\"9b96df0\" data-element_type=\"widget\" data-e-type=\"widget\" data-widget_type=\"heading.default\">\n\t\t\t\t<div class=\"elementor-widget-container\">\n\t\t\t\t\t<p class=\"elementor-heading-title elementor-size-default\"><a href=\"mailto:dzialhandlowy@mokate.com.pl\">dzialhandlowy@mokate.com.pl<\/a><\/p>\t\t\t\t<\/div>\n\t\t\t\t<\/div>\n\t\t\t\t\t<\/div>\n\t\t\t\t<\/div>\n\t\t<div class=\"elementor-element elementor-element-9168fbf e-flex e-con-boxed e-con e-child\" data-id=\"9168fbf\" data-element_type=\"container\" data-e-type=\"container\">\n\t\t\t\t\t<div class=\"e-con-inner\">\n\t\t\t\t<div class=\"elementor-element elementor-element-ebf7d51 elementor-widget elementor-widget-heading\" data-id=\"ebf7d51\" data-element_type=\"widget\" data-e-type=\"widget\" data-widget_type=\"heading.default\">\n\t\t\t\t<div class=\"elementor-widget-container\">\n\t\t\t\t\t<p class=\"elementor-heading-title elementor-size-default\">Eksporto skyrius<\/p>\t\t\t\t<\/div>\n\t\t\t\t<\/div>\n\t\t\t\t<div class=\"elementor-element elementor-element-e91c432 elementor-widget elementor-widget-heading\" data-id=\"e91c432\" data-element_type=\"widget\" data-e-type=\"widget\" data-widget_type=\"heading.default\">\n\t\t\t\t<div class=\"elementor-widget-container\">\n\t\t\t\t\t<p class=\"elementor-heading-title elementor-size-default\"><a href=\"mailto:eksport@mokate.com.pl\">eksport@mokate.com.pl<\/a><\/p>\t\t\t\t<\/div>\n\t\t\t\t<\/div>\n\t\t\t\t\t<\/div>\n\t\t\t\t<\/div>\n\t\t\t\t\t<\/div>\n\t\t\t\t<\/div>\n\t\t\t\t\t<\/div>\n\t\t\t\t<\/div>\n\t\t\t\t\t<\/div>\n\t\t\t\t<\/div>\n\t\t\t\t\t<\/div>\n\t\t\t\t<\/div>\n\t\t\t\t<\/div>\n\t\t","protected":false},"excerpt":{"rendered":"<p>LaukiameJ\u016bs\u0173 susisiekimo MOKATE SA ul. Katowicka 265a43-450 Ustro\u0144, Polska tel.: +48 33 854 91 00 fax:+48 33 854 91 39 Marketingo skyrius marketing@mokate.com.pl Kokyb\u0117s skyrius dzialjakosci@mokate.com.pl Prekybos skyrius dzialhandlowy@mokate.com.pl Eksporto skyrius eksport@mokate.com.pl<\/p>\n","protected":false},"author":1,"featured_media":0,"parent":0,"menu_order":0,"comment_status":"closed","ping_status":"closed","template":"","meta":{"footnotes":""},"class_list":["post-6696","page","type-page","status-publish","hentry"],"_links":{"self":[{"href":"https:\/\/loydtea.com\/lt\/wp-json\/wp\/v2\/pages\/6696","targetHints":{"allow":["GET"]}}],"collection":[{"href":"https:\/\/loydtea.com\/lt\/wp-json\/wp\/v2\/pages"}],"about":[{"href":"https:\/\/loydtea.com\/lt\/wp-json\/wp\/v2\/types\/page"}],"author":[{"embeddable":true,"href":"https:\/\/loydtea.com\/lt\/wp-json\/wp\/v2\/users\/1"}],"replies":[{"embeddable":true,"href":"https:\/\/loydtea.com\/lt\/wp-json\/wp\/v2\/comments?post=6696"}],"version-history":[{"count":7,"href":"https:\/\/loydtea.com\/lt\/wp-json\/wp\/v2\/pages\/6696\/revisions"}],"predecessor-version":[{"id":8471,"href":"https:\/\/loydtea.com\/lt\/wp-json\/wp\/v2\/pages\/6696\/revisions\/8471"}],"wp:attachment":[{"href":"https:\/\/loydtea.com\/lt\/wp-json\/wp\/v2\/media?parent=6696"}],"curies":[{"name":"wp","href":"https:\/\/api.w.org\/{rel}","templated":true}]}}