{"id":6690,"date":"2022-07-20T07:59:57","date_gmt":"2022-07-20T07:59:57","guid":{"rendered":"https:\/\/loydtea.com\/brand\/"},"modified":"2026-03-19T11:30:57","modified_gmt":"2026-03-19T11:30:57","slug":"prekes-zenklas","status":"publish","type":"page","link":"https:\/\/loydtea.com\/lt\/prekes-zenklas\/","title":{"rendered":"Prek\u0117s \u017eenklas"},"content":{"rendered":"\t\t<div data-elementor-type=\"wp-page\" data-elementor-id=\"6690\" class=\"elementor elementor-6690 elementor-15\" data-elementor-post-type=\"page\">\n\t\t\t\t<div class=\"elementor-element elementor-element-427af09 e-flex e-con-boxed e-con e-parent\" data-id=\"427af09\" data-element_type=\"container\" data-e-type=\"container\" data-settings=\"{&quot;background_background&quot;:&quot;classic&quot;}\">\n\t\t\t\t\t<div class=\"e-con-inner\">\n\t\t<div class=\"elementor-element elementor-element-a1639aa e-flex e-con-boxed e-con e-child\" data-id=\"a1639aa\" data-element_type=\"container\" data-e-type=\"container\">\n\t\t\t\t\t<div class=\"e-con-inner\">\n\t\t\t\t<div class=\"elementor-element elementor-element-b30ce40 elementor-align-justify elementor-widget__width-initial elementor-hidden-desktop elementor-hidden-laptop elementor-hidden-tablet elementor-hidden-mobile elementor-widget elementor-widget-button\" data-id=\"b30ce40\" data-element_type=\"widget\" data-e-type=\"widget\" data-widget_type=\"button.default\">\n\t\t\t\t<div class=\"elementor-widget-container\">\n\t\t\t\t\t\t\t\t\t<div class=\"elementor-button-wrapper\">\n\t\t\t\t\t<a class=\"elementor-button elementor-button-link elementor-size-md\" href=\"https:\/\/loydtea.com\/nagrody\/\">\n\t\t\t\t\t\t<span class=\"elementor-button-content-wrapper\">\n\t\t\t\t\t\t\t\t\t<span class=\"elementor-button-text\">Apdovanojimai<\/span>\n\t\t\t\t\t<\/span>\n\t\t\t\t\t<\/a>\n\t\t\t\t<\/div>\n\t\t\t\t\t\t\t\t<\/div>\n\t\t\t\t<\/div>\n\t\t\t\t<div class=\"elementor-element elementor-element-2254610 elementor-align-justify elementor-widget__width-initial elementor-widget elementor-widget-button\" data-id=\"2254610\" data-element_type=\"widget\" data-e-type=\"widget\" data-widget_type=\"button.default\">\n\t\t\t\t<div class=\"elementor-widget-container\">\n\t\t\t\t\t\t\t\t\t<div class=\"elementor-button-wrapper\">\n\t\t\t\t\t<a class=\"elementor-button elementor-button-link elementor-size-md\" href=\"https:\/\/loydtea.com\/lt\/prekes-zenklas\/\">\n\t\t\t\t\t\t<span class=\"elementor-button-content-wrapper\">\n\t\t\t\t\t\t\t\t\t<span class=\"elementor-button-text\">PREK\u0116S \u017dENKLAS<\/span>\n\t\t\t\t\t<\/span>\n\t\t\t\t\t<\/a>\n\t\t\t\t<\/div>\n\t\t\t\t\t\t\t\t<\/div>\n\t\t\t\t<\/div>\n\t\t\t\t<div class=\"elementor-element elementor-element-e441c91 elementor-align-justify elementor-widget__width-initial elementor-widget elementor-widget-button\" data-id=\"e441c91\" data-element_type=\"widget\" data-e-type=\"widget\" data-widget_type=\"button.default\">\n\t\t\t\t<div class=\"elementor-widget-container\">\n\t\t\t\t\t\t\t\t\t<div class=\"elementor-button-wrapper\">\n\t\t\t\t\t<a class=\"elementor-button elementor-button-link elementor-size-md\" href=\"https:\/\/loydtea.com\/lt\/sertifikatai\/\">\n\t\t\t\t\t\t<span class=\"elementor-button-content-wrapper\">\n\t\t\t\t\t\t\t\t\t<span class=\"elementor-button-text\">SERTIFIKATAI<\/span>\n\t\t\t\t\t<\/span>\n\t\t\t\t\t<\/a>\n\t\t\t\t<\/div>\n\t\t\t\t\t\t\t\t<\/div>\n\t\t\t\t<\/div>\n\t\t\t\t\t<\/div>\n\t\t\t\t<\/div>\n\t\t\t\t<div class=\"elementor-element elementor-element-27970f9 elementor-widget elementor-widget-heading\" data-id=\"27970f9\" data-element_type=\"widget\" data-e-type=\"widget\" data-widget_type=\"heading.default\">\n\t\t\t\t<div class=\"elementor-widget-container\">\n\t\t\t\t\t<h1 class=\"elementor-heading-title elementor-size-default\">PREK\u0116S \u017dENKLAS<\/h1>\t\t\t\t<\/div>\n\t\t\t\t<\/div>\n\t\t\t\t<div class=\"elementor-element elementor-element-81c6d57 elementor-widget__width-initial elementor-widget elementor-widget-text-editor\" data-id=\"81c6d57\" data-element_type=\"widget\" data-e-type=\"widget\" data-widget_type=\"text-editor.default\">\n\t\t\t\t<div class=\"elementor-widget-container\">\n\t\t\t\t\t\t\t\t\t<p>Arbata tai g\u0117rimas, kurio \u0161aknys siekia tokius pasaulio kampelius, kur gamtos magija ir \u017emogaus vaizduot\u0117 persipina ne\u012ftik\u0117tinose istorijose. Tos \u0161aknys siekia tolimuosius kalnus, mistinius mi\u0161kus, kur senov\u0117je tik\u0117ta, jog arbatmedyje slypi harmonijos ir balanso paslaptys.<\/p>\n\t\t\t\t\t\t\t\t<\/div>\n\t\t\t\t<\/div>\n\t\t\t\t\t<\/div>\n\t\t\t\t<\/div>\n\t\t<div class=\"elementor-element elementor-element-5b1d5cb e-flex e-con-boxed e-con e-parent\" data-id=\"5b1d5cb\" data-element_type=\"container\" data-e-type=\"container\" data-settings=\"{&quot;background_background&quot;:&quot;classic&quot;}\">\n\t\t\t\t\t<div class=\"e-con-inner\">\n\t\t\t\t\t<\/div>\n\t\t\t\t<\/div>\n\t\t<div class=\"elementor-element elementor-element-e0e7362 e-flex e-con-boxed e-con e-parent\" data-id=\"e0e7362\" data-element_type=\"container\" data-e-type=\"container\" data-settings=\"{&quot;background_background&quot;:&quot;classic&quot;}\">\n\t\t\t\t\t<div class=\"e-con-inner\">\n\t\t<div class=\"elementor-element elementor-element-5eaf8fa e-flex e-con-boxed e-con e-child\" data-id=\"5eaf8fa\" data-element_type=\"container\" data-e-type=\"container\">\n\t\t\t\t\t<div class=\"e-con-inner\">\n\t\t<div class=\"elementor-element elementor-element-effa88a e-flex e-con-boxed e-con e-child\" data-id=\"effa88a\" data-element_type=\"container\" data-e-type=\"container\">\n\t\t\t\t\t<div class=\"e-con-inner\">\n\t\t\t\t<div class=\"elementor-element elementor-element-7eb1159 elementor-widget elementor-widget-image\" data-id=\"7eb1159\" data-element_type=\"widget\" data-e-type=\"widget\" data-widget_type=\"image.default\">\n\t\t\t\t<div class=\"elementor-widget-container\">\n\t\t\t\t\t\t\t\t\t\t\t\t\t\t\t<img fetchpriority=\"high\" decoding=\"async\" width=\"800\" height=\"848\" src=\"https:\/\/loydtea.com\/wp-content\/uploads\/2023\/09\/top-view-tea-cinnamon-cup-herbal-tea-cinnamon-sticks-saucer-lemon-teapot-leaves-white-table.png\" class=\"attachment-large size-large wp-image-1877\" alt=\"\" srcset=\"https:\/\/loydtea.com\/wp-content\/uploads\/2023\/09\/top-view-tea-cinnamon-cup-herbal-tea-cinnamon-sticks-saucer-lemon-teapot-leaves-white-table.png 896w, https:\/\/loydtea.com\/wp-content\/uploads\/2023\/09\/top-view-tea-cinnamon-cup-herbal-tea-cinnamon-sticks-saucer-lemon-teapot-leaves-white-table-283x300.png 283w, https:\/\/loydtea.com\/wp-content\/uploads\/2023\/09\/top-view-tea-cinnamon-cup-herbal-tea-cinnamon-sticks-saucer-lemon-teapot-leaves-white-table-768x814.png 768w\" sizes=\"(max-width: 800px) 100vw, 800px\" \/>\t\t\t\t\t\t\t\t\t\t\t\t\t\t\t<\/div>\n\t\t\t\t<\/div>\n\t\t\t\t\t<\/div>\n\t\t\t\t<\/div>\n\t\t<div class=\"elementor-element elementor-element-dc93b29 e-flex e-con-boxed e-con e-child\" data-id=\"dc93b29\" data-element_type=\"container\" data-e-type=\"container\">\n\t\t\t\t\t<div class=\"e-con-inner\">\n\t\t\t\t<div class=\"elementor-element elementor-element-44ba4fc elementor-widget elementor-widget-text-editor\" data-id=\"44ba4fc\" data-element_type=\"widget\" data-e-type=\"widget\" data-widget_type=\"text-editor.default\">\n\t\t\t\t<div class=\"elementor-widget-container\">\n\t\t\t\t\t\t\t\t\t<p>Su\u017eav\u0117tas gamta ir jos stebuklais senov\u0117s kin\u0173 vienuolis suk\u016br\u0117 pirm\u0105j\u012f u\u017epil\u0105 &#8211; pagamino j\u012f i\u0161 vandens pavir\u0161iuje pl\u016bduriuojan\u010di\u0173 lap\u0173. \u0160is g\u0117rimas ne tik suteikia atsipalaidavim\u0105, bet taip pat atveria duris \u012f kitus pasaulius. \u017dmon\u0117s mano, kad arbata yra glaud\u017eiai susijusi su gamta ir dvasiniu pasauliu.<\/p>\n<p>Loyd magija yra b\u016btent tas u\u017emir\u0161tas padavimas tap\u0119s tikrove.<\/p>\n<p>Kiekvienas arbatos gurk\u0161nis &#8211; tai kelion\u0117 laike ir erdv\u0117je.<br \/>\n\u017daliosios arbatos skonyje atrasite \u012flankos ramyb\u0119. Ragaudami juod\u0105j\u0105 arbat\u0105, pajusite \u017eem\u0117s j\u0117gas, o kvapniajame vaisiniame u\u017epile &#8211; surasite vir\u0161 kaln\u0173 tekan\u010dios saul\u0117s akimirk\u0105.<\/p>\n<p>Arbata tampa j\u016bs\u0173 geriausiu draugu, kuris gali jus pasiimti su savimi \u012f vietas,<br \/>\nkur laikas sul\u0117t\u0117ja, o mintys tampa \u0161viesesn\u0117s.<br \/>\nTai ne tik g\u0117rimas, tai ritualas, mokantis meditavimo meno<br \/>\nir tiesiog, skatinantis pasinerti dabartyje.<\/p>\n\t\t\t\t\t\t\t\t<\/div>\n\t\t\t\t<\/div>\n\t\t\t\t\t<\/div>\n\t\t\t\t<\/div>\n\t\t\t\t\t<\/div>\n\t\t\t\t<\/div>\n\t\t<div class=\"elementor-element elementor-element-a9d14ec e-flex e-con-boxed e-con e-child\" data-id=\"a9d14ec\" data-element_type=\"container\" data-e-type=\"container\">\n\t\t\t\t\t<div class=\"e-con-inner\">\n\t\t<div class=\"elementor-element elementor-element-e180f0b e-flex e-con-boxed e-con e-child\" data-id=\"e180f0b\" data-element_type=\"container\" data-e-type=\"container\">\n\t\t\t\t\t<div class=\"e-con-inner\">\n\t\t\t\t<div class=\"elementor-element elementor-element-5669533 elementor-widget elementor-widget-text-editor\" data-id=\"5669533\" data-element_type=\"widget\" data-e-type=\"widget\" data-widget_type=\"text-editor.default\">\n\t\t\t\t<div class=\"elementor-widget-container\">\n\t\t\t\t\t\t\t\t\t<p>Arbatos gurk\u0161nojimas &#8211; tai ir atsiribojimas nuo kasdienio \u0161urmulio, akimirka skirta tik sau. Arbata yra rami\u0173 vakar\u0173 ir \u012fkvepian\u010di\u0173 pokalbi\u0173 \u012fprastomis aplinkyb\u0117mis, bendra\u017eyg\u0117. Viename puodelyje slypi magi\u0161ka galia, kuri sugr\u0105\u017eina mums ramyb\u0119.<\/p>\n<p>Didieji arbatos ruo\u0161imo mokytojai pasakoja, kad arbata &#8211; tai gyvenimo menas.<br \/>\nArbata Loyd &#8211; tai gro\u017eio paprastuose dalykuose atradimo menas.<\/p>\n<p>Suradus akimirk\u0105, atsipalaidavus ir padovanojus sau de\u0161imt smulki\u0173 prabang\u0173, suprasite,<br \/>\nkad arbata mums rei\u0161kia daugiau, nei tik paprasto g\u0117rimo pakelis. \u0160iame triuk\u0161mingame pasaulyje ji padeda surasti ramyb\u0119.<\/p>\n<p>Pakeldami arbatos puodel\u012f prie burnos, \u012fkvepiame kvapnius jos garus. Loyd d\u0117ka arbatos magija pasieks j\u016bs\u0173 \u0161irdis. Stebuklingame skonyje surandame tikras arbatos sudedam\u0105sias dalis.<\/p>\n<p>Loyd &#8211; tai magi\u0161ka kelion\u0117, \u012f kuri\u0105 negalite leistis, jei tiesiog nepabandysite.<br \/>\nRaginame \u012fsijausti \u012f \u0161\u012f stebukl\u0105.<\/p>\n\t\t\t\t\t\t\t\t<\/div>\n\t\t\t\t<\/div>\n\t\t\t\t\t<\/div>\n\t\t\t\t<\/div>\n\t\t<div class=\"elementor-element elementor-element-451bece e-flex e-con-boxed e-con e-child\" data-id=\"451bece\" data-element_type=\"container\" data-e-type=\"container\">\n\t\t\t\t\t<div class=\"e-con-inner\">\n\t\t\t\t<div class=\"elementor-element elementor-element-0060484 elementor-widget elementor-widget-image\" data-id=\"0060484\" data-element_type=\"widget\" data-e-type=\"widget\" data-widget_type=\"image.default\">\n\t\t\t\t<div class=\"elementor-widget-container\">\n\t\t\t\t\t\t\t\t\t\t\t\t\t\t\t<img decoding=\"async\" width=\"800\" height=\"774\" src=\"https:\/\/loydtea.com\/wp-content\/uploads\/2023\/09\/herbaty.png\" class=\"attachment-large size-large wp-image-1881\" alt=\"\" srcset=\"https:\/\/loydtea.com\/wp-content\/uploads\/2023\/09\/herbaty.png 857w, https:\/\/loydtea.com\/wp-content\/uploads\/2023\/09\/herbaty-300x290.png 300w, https:\/\/loydtea.com\/wp-content\/uploads\/2023\/09\/herbaty-768x743.png 768w\" sizes=\"(max-width: 800px) 100vw, 800px\" \/>\t\t\t\t\t\t\t\t\t\t\t\t\t\t\t<\/div>\n\t\t\t\t<\/div>\n\t\t\t\t\t<\/div>\n\t\t\t\t<\/div>\n\t\t\t\t\t<\/div>\n\t\t\t\t<\/div>\n\t\t\t\t\t<\/div>\n\t\t\t\t<\/div>\n\t\t<div class=\"elementor-element elementor-element-7a98b69 e-flex e-con-boxed e-con e-parent\" data-id=\"7a98b69\" data-element_type=\"container\" data-e-type=\"container\" data-settings=\"{&quot;background_background&quot;:&quot;classic&quot;}\">\n\t\t\t\t\t<div class=\"e-con-inner\">\n\t\t\t\t\t<\/div>\n\t\t\t\t<\/div>\n\t\t<div class=\"elementor-element elementor-element-dcf418e e-flex e-con-boxed e-con e-parent\" data-id=\"dcf418e\" data-element_type=\"container\" data-e-type=\"container\" data-settings=\"{&quot;background_background&quot;:&quot;classic&quot;}\">\n\t\t\t\t\t<div class=\"e-con-inner\">\n\t\t<div class=\"elementor-element elementor-element-4445159 e-flex e-con-boxed e-con e-child\" data-id=\"4445159\" data-element_type=\"container\" data-e-type=\"container\">\n\t\t\t\t\t<div class=\"e-con-inner\">\n\t\t<div class=\"elementor-element elementor-element-7b9ef3c e-flex e-con-boxed e-con e-child\" data-id=\"7b9ef3c\" data-element_type=\"container\" data-e-type=\"container\" data-settings=\"{&quot;background_background&quot;:&quot;classic&quot;}\">\n\t\t\t\t\t<div class=\"e-con-inner\">\n\t\t\t\t<div class=\"elementor-element elementor-element-3397fe8 elementor-widget elementor-widget-text-editor\" data-id=\"3397fe8\" data-element_type=\"widget\" data-e-type=\"widget\" data-widget_type=\"text-editor.default\">\n\t\t\t\t<div class=\"elementor-widget-container\">\n\t\t\t\t\t\t\t\t\t<p>LOYD prek\u0117s \u017eenklo istorija yra paremta daugiamete patirtimi ir bendradarbiavimu su pagars\u0117jusia Londono arbatine Thompson Lloyd &amp; Edwards, tai i\u0161 ties\u0173 tikra aistros, kokyb\u0117s ir tradicij\u0173 istorija. \u0160i istorija prasideda 1760 metais, kuomet Thompson Lloyd &amp; Edward prad\u0117jo savo veikl\u0105 pa\u010diame Londono centre, sukurdama nepakartojamus arbat\u0173 skonius. LOYD prek\u0117s \u017eenklas t\u0119sia \u0161i\u0105 nuostabi\u0105 tradicij\u0105, siekdamas savo klientams u\u017etikrinti geriausi\u0105 kokyb\u0119, eleganti\u0161kum\u0105 ir presti\u017e\u0105.<\/p>\n<p>LOYD kataloge yra juodosios, \u017ealiosios ir baltosios arbatos su d\u017eiovintais vaisiais ir \u017eolel\u0117mis, taip pat egzoti\u0161k\u0173 variant\u0173, toki\u0173 kaip rooibos ir yerba mate. \u0160is gausus pasirinkimas leid\u017eia klientams atrasti skoni\u0173 ir kvap\u0173 \u012fvairov\u0119, bei suvokti, kad arbatos g\u0117rimas gali tapti nepaprasta patirtimi.<\/p>\n<p>Auk\u0161\u010diausia LOYD arbat\u0173 kokyb\u0117 \u2013 tai kruop\u0161taus \u017ealiav\u0173 atrankos ir pa\u017eangios gamybos technologijos rezultatas. Auk\u0161\u010diausios kokyb\u0117s \u017ealiavos ir moderniausia arbatos pakavimo \u012f piramid\u017ei\u0173 tipo mai\u0161elius \u012franga garantuoja nepakartojam\u0105 skonio potyr\u012f. Paisome grie\u017et\u0173 kokyb\u0117s taisykli\u0173 ir stebime vis\u0105 gamybos proces\u0105. R\u016bpinam\u0117s visu procesu pradedant \u017ealiav\u0173 \u0161altiniais iki tiekimo klientui.<br \/>\nLOYD arbata yra ne tik skani, bet ir auk\u0161\u010diausios kokyb\u0117s.<\/p>\n\t\t\t\t\t\t\t\t<\/div>\n\t\t\t\t<\/div>\n\t\t\t\t\t<\/div>\n\t\t\t\t<\/div>\n\t\t\t\t\t<\/div>\n\t\t\t\t<\/div>\n\t\t<div class=\"elementor-element elementor-element-df16e21 e-flex e-con-boxed e-con e-child\" data-id=\"df16e21\" data-element_type=\"container\" data-e-type=\"container\">\n\t\t\t\t\t<div class=\"e-con-inner\">\n\t\t<div class=\"elementor-element elementor-element-f452d4f e-flex e-con-boxed e-con e-child\" data-id=\"f452d4f\" data-element_type=\"container\" data-e-type=\"container\">\n\t\t\t\t\t<div class=\"e-con-inner\">\n\t\t\t\t<div class=\"elementor-element elementor-element-959e6e3 elementor-widget elementor-widget-image\" data-id=\"959e6e3\" data-element_type=\"widget\" data-e-type=\"widget\" data-widget_type=\"image.default\">\n\t\t\t\t<div class=\"elementor-widget-container\">\n\t\t\t\t\t\t\t\t\t\t\t\t\t\t\t<img decoding=\"async\" width=\"614\" height=\"510\" src=\"https:\/\/loydtea.com\/wp-content\/uploads\/2023\/09\/herbatki.png\" class=\"attachment-large size-large wp-image-3029\" alt=\"\" srcset=\"https:\/\/loydtea.com\/wp-content\/uploads\/2023\/09\/herbatki.png 614w, https:\/\/loydtea.com\/wp-content\/uploads\/2023\/09\/herbatki-300x249.png 300w\" sizes=\"(max-width: 614px) 100vw, 614px\" \/>\t\t\t\t\t\t\t\t\t\t\t\t\t\t\t<\/div>\n\t\t\t\t<\/div>\n\t\t\t\t\t<\/div>\n\t\t\t\t<\/div>\n\t\t<div class=\"elementor-element elementor-element-6a27c4f e-flex e-con-boxed e-con e-child\" data-id=\"6a27c4f\" data-element_type=\"container\" data-e-type=\"container\">\n\t\t\t\t\t<div class=\"e-con-inner\">\n\t\t\t\t<div class=\"elementor-element elementor-element-7d3176e elementor-widget elementor-widget-text-editor\" data-id=\"7d3176e\" data-element_type=\"widget\" data-e-type=\"widget\" data-widget_type=\"text-editor.default\">\n\t\t\t\t<div class=\"elementor-widget-container\">\n\t\t\t\t\t\t\t\t\t<p>LOYD veikla atspindi jos i\u0161tikimyb\u0119 tradicijoms ir pa\u017eangioms technologijoms, leid\u017eian\u010dioms klientams m\u0117gautis pa\u010dia geriausia arbata. Tai tikras meno \u0161edevras, atspindintis skon\u012f, kvap\u0105 ir prabang\u0105. LOYD nuolat kelia kartel\u0119, si\u016blydama klientams unikalius privalumus, tokius kaip gilesni skonio poj\u016b\u010diai, funkcionalumas bei paruo\u0161imo patogumas. Tai kur kas daugiau nei arbata \u2013 tai tikra kelion\u0117 \u012f skoni\u0173 ir kvap\u0173 pasaul\u012f.<\/p>\n\t\t\t\t\t\t\t\t<\/div>\n\t\t\t\t<\/div>\n\t\t\t\t\t<\/div>\n\t\t\t\t<\/div>\n\t\t\t\t\t<\/div>\n\t\t\t\t<\/div>\n\t\t\t\t\t<\/div>\n\t\t\t\t<\/div>\n\t\t\t\t<\/div>\n\t\t","protected":false},"excerpt":{"rendered":"<p>Apdovanojimai PREK\u0116S \u017dENKLAS SERTIFIKATAI PREK\u0116S \u017dENKLAS Arbata tai g\u0117rimas, kurio \u0161aknys siekia tokius pasaulio kampelius, kur gamtos magija ir \u017emogaus vaizduot\u0117 persipina ne\u012ftik\u0117tinose istorijose. Tos \u0161aknys siekia tolimuosius kalnus, mistinius mi\u0161kus, kur senov\u0117je tik\u0117ta, jog arbatmedyje slypi harmonijos ir balanso paslaptys. Su\u017eav\u0117tas gamta ir jos stebuklais senov\u0117s kin\u0173 vienuolis suk\u016br\u0117 pirm\u0105j\u012f u\u017epil\u0105 &#8211; pagamino j\u012f [&hellip;]<\/p>\n","protected":false},"author":1,"featured_media":0,"parent":0,"menu_order":0,"comment_status":"closed","ping_status":"closed","template":"","meta":{"footnotes":""},"class_list":["post-6690","page","type-page","status-publish","hentry"],"_links":{"self":[{"href":"https:\/\/loydtea.com\/lt\/wp-json\/wp\/v2\/pages\/6690","targetHints":{"allow":["GET"]}}],"collection":[{"href":"https:\/\/loydtea.com\/lt\/wp-json\/wp\/v2\/pages"}],"about":[{"href":"https:\/\/loydtea.com\/lt\/wp-json\/wp\/v2\/types\/page"}],"author":[{"embeddable":true,"href":"https:\/\/loydtea.com\/lt\/wp-json\/wp\/v2\/users\/1"}],"replies":[{"embeddable":true,"href":"https:\/\/loydtea.com\/lt\/wp-json\/wp\/v2\/comments?post=6690"}],"version-history":[{"count":8,"href":"https:\/\/loydtea.com\/lt\/wp-json\/wp\/v2\/pages\/6690\/revisions"}],"predecessor-version":[{"id":11344,"href":"https:\/\/loydtea.com\/lt\/wp-json\/wp\/v2\/pages\/6690\/revisions\/11344"}],"wp:attachment":[{"href":"https:\/\/loydtea.com\/lt\/wp-json\/wp\/v2\/media?parent=6690"}],"curies":[{"name":"wp","href":"https:\/\/api.w.org\/{rel}","templated":true}]}}