{"id":4298,"date":"2024-02-25T21:25:52","date_gmt":"2024-02-25T21:25:52","guid":{"rendered":"https:\/\/loydtea.com\/oswiadczenie-o-ochronie-prywatnosci-eu\/"},"modified":"2024-02-25T21:25:52","modified_gmt":"2024-02-25T21:25:52","slug":"oswiadczenie-o-ochronie-prywatnosci-eu","status":"publish","type":"page","link":"https:\/\/loydtea.com\/lt\/oswiadczenie-o-ochronie-prywatnosci-eu\/","title":{"rendered":"O\u015bwiadczenie o ochronie prywatno\u015bci (EU)"},"content":{"rendered":"\n<!-- Legal document generated by Complianz | GDPR\/CCPA Cookie Consent https:\/\/wordpress.org\/plugins\/complianz-gdpr -->\n<div id=\"cmplz-document\" class=\"cmplz-document privacy-statement cmplz-document-eu\"><p><i>\u0160is privatumo parei\u0161kimas paskutin\u012f kart\u0105 buvo atnaujintas 2024 vasario 25 ir taikomas Europos ekonomin\u0117s erdv\u0117s ir \u0160veicarijos pilie\u010diams bei teis\u0117tiems nuolatiniams gyventojams.<\/i><br \/><br \/><\/p><p><p>\u0160iame privatumo parei\u0161kime paai\u0161kiname, k\u0105 darome su duomenimis, kuriuos gauname apie jus per <a href=\"https:\/\/loydtea.com\/lt\/\">https:\/\/loydtea.com\/lt\/<\/a>. Rekomenduojame atid\u017eiai perskaityti \u0161\u012f parei\u0161kim\u0105. Tvarkydami mes laikom\u0117s privatumo teis\u0117s akt\u0173 reikalavim\u0173. Tai, be kita ko, rei\u0161kia, kad:<\/p><ul>\n                <li>ai\u0161kiai nurodome, kokiais tikslais tvarkome asmens duomenis. Tai darome naudodami \u0161\u012f privatumo parei\u0161kim\u0105;<\/li>\n                <li>siekiame apriboti savo asmens duomen\u0173 rinkim\u0105 tik tais asmens duomenimis, kuri\u0173 reikia teis\u0117tiems tikslams;<\/li>\n                <li>pirmiausia pra\u0161ome ai\u0161kaus J\u016bs\u0173 sutikimo tvarkyti J\u016bs\u0173 asmens duomenis tais atvejais, kai reikalingas J\u016bs\u0173 sutikimas;<\/li>\n                <li>imam\u0117s atitinkam\u0173 saugumo priemoni\u0173, kad apsaugotume j\u016bs\u0173 asmens duomenis, taip pat reikalaujame to i\u0161 \u0161ali\u0173, kurios tvarko asmens duomenis m\u016bs\u0173 vardu;<\/li>\n                <li>gerbiame j\u016bs\u0173 teis\u0119 gauti prieig\u0105 prie j\u016bs\u0173 asmens duomen\u0173 arba reikalauti, kad jie b\u016bt\u0173 i\u0161taisyti ar i\u0161trinti, j\u016bs\u0173 pra\u0161ymu.<\/li>\n            <\/ul><p>Jei turite klausim\u0173 arba norite tiksliai su\u017einoti, kokius duomenis apie jus saugome, susisiekite su mumis.<\/p><\/p><h2>1. Paskirtis, duomenys ir saugojimo terminas<\/h2>Mes galime rinkti arba gauti asmenin\u0119 informacij\u0105 \u012fvairiais su m\u016bs\u0173 verslo operacijomis susijusiais tikslais, \u012fskaitant \u0161iuos dalykus: (spustel\u0117kite, kad i\u0161pl\u0117stum\u0117te)<details class=\"cmplz-dropdown dropdown-privacy-statement\"><summary><div><h3>1.1 Susisiekti \u2013 telefonu, pa\u0161tu, el. pa\u0161tu ir (arba) \u017einiatinklio formomis<\/h3><\/div><\/summary><p class=\"cmplz-subtitle\">\u0160iuo tikslu naudojame \u0161iuos duomenis:<\/p><p><ul><li>Vardas ir pavard\u0117<\/li><li>Elektroninio pa\u0161to adresas<\/li><li>Telefono numeris<\/li><\/ul><\/p><p class=\"cmplz-subtitle\">Pagrindas, kuriuo remdamiesi galime tvarkyti \u0161iuos duomenis, yra:<\/p><p><a target=\"_blank\" rel=\"noopener noreferrer nofollow\" href=\"https:\/\/cookiedatabase.org\/legal-bases\/#consent\">Gavus sutikim\u0105.<\/a><\/p><p class=\"cmplz-subtitle\">Laikymo laikotarpis<\/p><p>\u0160iuos duomenis saugome iki paslaugos teikimo nutraukimo.<\/p><\/details><details class=\"cmplz-dropdown dropdown-privacy-statement\"><summary><div><h3>1.2 Svetain\u0117s tobulinimo statistikos rinkimas ir analizavimas.<\/h3><\/div><\/summary><p class=\"cmplz-subtitle\">\u0160iuo tikslu naudojame \u0161iuos duomenis:<\/p><p><ul><li>IP adresas<\/li><\/ul><\/p><p class=\"cmplz-subtitle\">Pagrindas, kuriuo remdamiesi galime tvarkyti \u0161iuos duomenis, yra:<\/p><p><a target=\"_blank\" rel=\"noopener noreferrer nofollow\" href=\"https:\/\/cookiedatabase.org\/legal-bases\/#consent\">Gavus sutikim\u0105.<\/a><\/p><p class=\"cmplz-subtitle\">Laikymo laikotarpis<\/p><p>\u0160iuos duomenis saugome iki paslaugos teikimo nutraukimo.<\/p><\/details><h2>2. Slapukai<\/h2><p>M\u016bs\u0173 svetain\u0117je naudojami slapukai. Nor\u0117dami gauti daugiau informacijos apie slapukus, \u017er. m\u016bs\u0173 <a href=\"https:\/\/loydtea.com\/lt\/polityka-plikow-cookies-eu\/\">slapuk\u0173 politik\u0105<\/a>.&nbsp;<\/p><h2>3. Informacijos atskleidimo praktika<\/h2><p><p>Mes atskleid\u017eiame asmenin\u0119 informacij\u0105, jei esame \u012fpareigoti pagal \u012fstatymus ar teismo \u012fsakym\u0105, reaguodami \u012f teis\u0117saugos institucijas, kiek tai leid\u017eiama pagal kitas \u012fstatym\u0173 nuostatas, teikti informacij\u0105 arba atlikti tyrim\u0105 su visuomen\u0117s saugumu susijusiu klausimu.<\/p><p>Jei m\u016bs\u0173 svetain\u0117 ar organizacija bus perimama, parduodama arba \u012ftraukiama \u012f susijungim\u0105 ar \u012fsigijim\u0105, j\u016bs\u0173 duomenys gali b\u016bti atskleisti m\u016bs\u0173 konsultantams ir bet kokiems b\u016bsimiems pirk\u0117jams ir bus perduoti naujiems savininkams.<\/p><\/p><h2>4. Saugumas<\/h2><p>Esame \u012fsipareigoj\u0119 u\u017etikrinti asmens duomen\u0173 saugum\u0105. Mes imam\u0117s atitinkam\u0173 saugumo priemoni\u0173, kad apribotume piktnaud\u017eiavim\u0105 asmens duomenimis ir neteis\u0117t\u0105 prieig\u0105 prie j\u0173. Taip u\u017etikrinama, kad prie j\u016bs\u0173 duomen\u0173 tur\u0117t\u0173 prieig\u0105 tik reikalingi asmenys, kad prieiga prie duomen\u0173 b\u016bt\u0173 apsaugota, o m\u016bs\u0173 saugumo priemon\u0117s b\u016bt\u0173 reguliariai per\u017ei\u016brimos.<\/p><h2>5. Tre\u010di\u0173j\u0173 \u0161ali\u0173 svetain\u0117s<\/h2><p>\u0160is privatumo parei\u0161kimas netaikomas tre\u010di\u0173j\u0173 \u0161ali\u0173 svetain\u0117ms, sujungtoms m\u016bs\u0173 svetain\u0117je esan\u010diomis nuorodomis. Negalime garantuoti, kad \u0161ios tre\u010diosios \u0161alys j\u016bs\u0173 asmens duomenis tvarkys patikimai ar saugiai. Prie\u0161 naudojantis \u0161iomis svetain\u0117mis rekomenduojame perskaityti \u0161i\u0173 svetaini\u0173 privatumo parei\u0161kimus.<\/p><h2>6. \u0160io privatumo parei\u0161kimo pakeitimai<\/h2><p>Pasiliekame teis\u0119 keisti \u0161\u012f privatumo parei\u0161kim\u0105. Rekomenduojame reguliariai per\u017ei\u016br\u0117ti \u0161\u012f privatumo parei\u0161kim\u0105, kad \u017einotum\u0117te apie bet kokius pakeitimus. Be to, kur \u012fmanoma, aktyviai jus informuosime.<\/p><h2>7. Prieiga prie j\u016bs\u0173 duomen\u0173 ir j\u0173 keitimas<\/h2><p>Jei turite klausim\u0173 ar norite su\u017einoti, kokius asmeninius duomenis apie jus turime, susisiekite su mumis. Su mumis galite susisiekti naudodami toliau pateikt\u0105 informacij\u0105. J\u016bs turite \u0161ias teises:<\/p><ul>\n                <li>J\u016bs turite teis\u0119 \u017einoti, kod\u0117l j\u016bs\u0173 asmens duomenys reikalingi, kas su jais atsitiks ir kiek laiko jie bus saugomi.<\/li>\n                <li>Teis\u0117 susipa\u017einti su: J\u016bs turite teis\u0119 susipa\u017einti su mums \u017einomais savo asmens duomenimis.<\/li>\n                <li>Teis\u0117 i\u0161taisyti: J\u016bs turite teis\u0119 bet kada papildyti, taisyti, i\u0161trinti arba u\u017eblokuoti savo asmens duomenis.<\/li>\n                <li>Jei duodate mums sutikim\u0105 tvarkyti j\u016bs\u0173 duomenis, turite teis\u0119 at\u0161aukti \u0161\u012f sutikim\u0105 ir reikalauti, kad j\u016bs\u0173 asmens duomenys b\u016bt\u0173 i\u0161trinti.<\/li>\n                <li>Teis\u0117 perduoti savo duomenis: J\u016bs turite teis\u0119 pra\u0161yti vis\u0173 savo asmens duomen\u0173 i\u0161 duomen\u0173 valdytojo ir perduoti juos visus kitam duomen\u0173 valdytojui.<\/li>\n                <li>Teis\u0117 nesutikti: galite nesutikti, kad b\u016bt\u0173 tvarkomi j\u016bs\u0173 duomenys. Mes to laikom\u0117s, nebent yra pagr\u012fst\u0173 prie\u017eas\u010di\u0173 juos tvarkyti.<\/li>\n            <\/ul><p>B\u016btinai visada ai\u0161kiai nurodykite, kas esate, kad gal\u0117tume b\u016bti tikri, jog nepakeisime ar nei\u0161trinsime netinkamo asmens duomen\u0173.<\/p><h2>8. Skundo pateikimas<\/h2><p>Jei nesate patenkinti tuo, kaip mes tvarkome (skund\u0105 d\u0117l) j\u016bs\u0173 asmens duomen\u0173 tvarkymo, turite teis\u0119 pateikti skund\u0105 Duomen\u0173 apsaugos institucijai.<\/p><h2>9. Kontaktiniai duomenys<\/h2><p>MOKATE S. A.<br \/>\n        Katowicka 265 A<br \/>\n43-450 Ustro\u0144<br \/>\n        Lenkija<br \/>\n        Interneto svetain\u0117: <a href=\"https:\/\/loydtea.com\/lt\/\">https:\/\/loydtea.com\/lt\/<\/a> <br \/>\n        El. pa\u0161tas:  <br \/>\n        <\/p><\/div>\n","protected":false},"excerpt":{"rendered":"","protected":false},"author":1,"featured_media":0,"parent":0,"menu_order":0,"comment_status":"closed","ping_status":"closed","template":"","meta":{"footnotes":""},"class_list":["post-4298","page","type-page","status-publish","hentry"],"_links":{"self":[{"href":"https:\/\/loydtea.com\/lt\/wp-json\/wp\/v2\/pages\/4298","targetHints":{"allow":["GET"]}}],"collection":[{"href":"https:\/\/loydtea.com\/lt\/wp-json\/wp\/v2\/pages"}],"about":[{"href":"https:\/\/loydtea.com\/lt\/wp-json\/wp\/v2\/types\/page"}],"author":[{"embeddable":true,"href":"https:\/\/loydtea.com\/lt\/wp-json\/wp\/v2\/users\/1"}],"replies":[{"embeddable":true,"href":"https:\/\/loydtea.com\/lt\/wp-json\/wp\/v2\/comments?post=4298"}],"version-history":[{"count":0,"href":"https:\/\/loydtea.com\/lt\/wp-json\/wp\/v2\/pages\/4298\/revisions"}],"wp:attachment":[{"href":"https:\/\/loydtea.com\/lt\/wp-json\/wp\/v2\/media?parent=4298"}],"curies":[{"name":"wp","href":"https:\/\/api.w.org\/{rel}","templated":true}]}}