{"id":7357,"date":"2022-07-20T07:59:57","date_gmt":"2022-07-20T07:59:57","guid":{"rendered":"https:\/\/loydtea.com\/brand\/"},"modified":"2026-03-19T11:40:07","modified_gmt":"2026-03-19T11:40:07","slug":"brand","status":"publish","type":"page","link":"https:\/\/loydtea.com\/et\/brand\/","title":{"rendered":"Br\u00e4nd"},"content":{"rendered":"\t\t<div data-elementor-type=\"wp-page\" data-elementor-id=\"7357\" class=\"elementor elementor-7357 elementor-15\" data-elementor-post-type=\"page\">\n\t\t\t\t<div class=\"elementor-element elementor-element-427af09 e-flex e-con-boxed e-con e-parent\" data-id=\"427af09\" data-element_type=\"container\" data-e-type=\"container\" data-settings=\"{&quot;background_background&quot;:&quot;classic&quot;}\">\n\t\t\t\t\t<div class=\"e-con-inner\">\n\t\t<div class=\"elementor-element elementor-element-a1639aa e-flex e-con-boxed e-con e-child\" data-id=\"a1639aa\" data-element_type=\"container\" data-e-type=\"container\">\n\t\t\t\t\t<div class=\"e-con-inner\">\n\t\t\t\t<div class=\"elementor-element elementor-element-b30ce40 elementor-align-justify elementor-widget__width-initial elementor-hidden-desktop elementor-hidden-laptop elementor-hidden-tablet elementor-hidden-mobile elementor-widget-mobile__width-initial elementor-widget elementor-widget-button\" data-id=\"b30ce40\" data-element_type=\"widget\" data-e-type=\"widget\" data-widget_type=\"button.default\">\n\t\t\t\t<div class=\"elementor-widget-container\">\n\t\t\t\t\t\t\t\t\t<div class=\"elementor-button-wrapper\">\n\t\t\t\t\t<a class=\"elementor-button elementor-button-link elementor-size-md\" href=\"https:\/\/loydtea.com\/nagrody\/\">\n\t\t\t\t\t\t<span class=\"elementor-button-content-wrapper\">\n\t\t\t\t\t\t\t\t\t<span class=\"elementor-button-text\">AUHINNAD<\/span>\n\t\t\t\t\t<\/span>\n\t\t\t\t\t<\/a>\n\t\t\t\t<\/div>\n\t\t\t\t\t\t\t\t<\/div>\n\t\t\t\t<\/div>\n\t\t\t\t<div class=\"elementor-element elementor-element-2254610 elementor-align-justify elementor-widget__width-initial elementor-widget elementor-widget-button\" data-id=\"2254610\" data-element_type=\"widget\" data-e-type=\"widget\" data-widget_type=\"button.default\">\n\t\t\t\t<div class=\"elementor-widget-container\">\n\t\t\t\t\t\t\t\t\t<div class=\"elementor-button-wrapper\">\n\t\t\t\t\t<a class=\"elementor-button elementor-button-link elementor-size-md\" href=\"https:\/\/loydtea.com\/et\/brand\/\">\n\t\t\t\t\t\t<span class=\"elementor-button-content-wrapper\">\n\t\t\t\t\t\t\t\t\t<span class=\"elementor-button-text\">BR\u00c4ND<\/span>\n\t\t\t\t\t<\/span>\n\t\t\t\t\t<\/a>\n\t\t\t\t<\/div>\n\t\t\t\t\t\t\t\t<\/div>\n\t\t\t\t<\/div>\n\t\t\t\t<div class=\"elementor-element elementor-element-e441c91 elementor-align-justify elementor-widget__width-initial elementor-widget elementor-widget-button\" data-id=\"e441c91\" data-element_type=\"widget\" data-e-type=\"widget\" data-widget_type=\"button.default\">\n\t\t\t\t<div class=\"elementor-widget-container\">\n\t\t\t\t\t\t\t\t\t<div class=\"elementor-button-wrapper\">\n\t\t\t\t\t<a class=\"elementor-button elementor-button-link elementor-size-md\" href=\"https:\/\/loydtea.com\/et\/sertifikaadid\/\">\n\t\t\t\t\t\t<span class=\"elementor-button-content-wrapper\">\n\t\t\t\t\t\t\t\t\t<span class=\"elementor-button-text\">SERTIFIKAADID<\/span>\n\t\t\t\t\t<\/span>\n\t\t\t\t\t<\/a>\n\t\t\t\t<\/div>\n\t\t\t\t\t\t\t\t<\/div>\n\t\t\t\t<\/div>\n\t\t\t\t\t<\/div>\n\t\t\t\t<\/div>\n\t\t\t\t<div class=\"elementor-element elementor-element-27970f9 elementor-widget elementor-widget-heading\" data-id=\"27970f9\" data-element_type=\"widget\" data-e-type=\"widget\" data-widget_type=\"heading.default\">\n\t\t\t\t<div class=\"elementor-widget-container\">\n\t\t\t\t\t<h1 class=\"elementor-heading-title elementor-size-default\">BR\u00c4ND<\/h1>\t\t\t\t<\/div>\n\t\t\t\t<\/div>\n\t\t\t\t<div class=\"elementor-element elementor-element-81c6d57 elementor-widget__width-initial elementor-widget elementor-widget-text-editor\" data-id=\"81c6d57\" data-element_type=\"widget\" data-e-type=\"widget\" data-widget_type=\"text-editor.default\">\n\t\t\t\t<div class=\"elementor-widget-container\">\n\t\t\t\t\t\t\t\t\t<p>Tee on jook, mille juured ulatuvad tagasi erinevatesse kohtades maailmas, kus looduse maagia ja inimeste kujutlusv\u00f5ime p\u00f5imuvad imelistesse lugudesse. Selle juured ulatuvad kaugetesse m\u00e4gistesse ja m\u00fcstilistesse metsadesse, kus ammustel aegadel usuti, et p\u00f5\u00f5sas varjab harmoonia ja tasakaalu saladusi.<\/p>\n\t\t\t\t\t\t\t\t<\/div>\n\t\t\t\t<\/div>\n\t\t\t\t\t<\/div>\n\t\t\t\t<\/div>\n\t\t<div class=\"elementor-element elementor-element-5b1d5cb e-flex e-con-boxed e-con e-parent\" data-id=\"5b1d5cb\" data-element_type=\"container\" data-e-type=\"container\" data-settings=\"{&quot;background_background&quot;:&quot;classic&quot;}\">\n\t\t\t\t\t<div class=\"e-con-inner\">\n\t\t\t\t\t<\/div>\n\t\t\t\t<\/div>\n\t\t<div class=\"elementor-element elementor-element-e0e7362 e-flex e-con-boxed e-con e-parent\" data-id=\"e0e7362\" data-element_type=\"container\" data-e-type=\"container\" data-settings=\"{&quot;background_background&quot;:&quot;classic&quot;}\">\n\t\t\t\t\t<div class=\"e-con-inner\">\n\t\t<div class=\"elementor-element elementor-element-5eaf8fa e-flex e-con-boxed e-con e-child\" data-id=\"5eaf8fa\" data-element_type=\"container\" data-e-type=\"container\">\n\t\t\t\t\t<div class=\"e-con-inner\">\n\t\t<div class=\"elementor-element elementor-element-effa88a e-flex e-con-boxed e-con e-child\" data-id=\"effa88a\" data-element_type=\"container\" data-e-type=\"container\">\n\t\t\t\t\t<div class=\"e-con-inner\">\n\t\t\t\t<div class=\"elementor-element elementor-element-7eb1159 elementor-widget elementor-widget-image\" data-id=\"7eb1159\" data-element_type=\"widget\" data-e-type=\"widget\" data-widget_type=\"image.default\">\n\t\t\t\t<div class=\"elementor-widget-container\">\n\t\t\t\t\t\t\t\t\t\t\t\t\t\t\t<img fetchpriority=\"high\" decoding=\"async\" width=\"800\" height=\"848\" src=\"https:\/\/loydtea.com\/wp-content\/uploads\/2023\/09\/top-view-tea-cinnamon-cup-herbal-tea-cinnamon-sticks-saucer-lemon-teapot-leaves-white-table.png\" class=\"attachment-large size-large wp-image-1875\" alt=\"\" srcset=\"https:\/\/loydtea.com\/wp-content\/uploads\/2023\/09\/top-view-tea-cinnamon-cup-herbal-tea-cinnamon-sticks-saucer-lemon-teapot-leaves-white-table.png 896w, https:\/\/loydtea.com\/wp-content\/uploads\/2023\/09\/top-view-tea-cinnamon-cup-herbal-tea-cinnamon-sticks-saucer-lemon-teapot-leaves-white-table-283x300.png 283w, https:\/\/loydtea.com\/wp-content\/uploads\/2023\/09\/top-view-tea-cinnamon-cup-herbal-tea-cinnamon-sticks-saucer-lemon-teapot-leaves-white-table-768x814.png 768w\" sizes=\"(max-width: 800px) 100vw, 800px\" \/>\t\t\t\t\t\t\t\t\t\t\t\t\t\t\t<\/div>\n\t\t\t\t<\/div>\n\t\t\t\t\t<\/div>\n\t\t\t\t<\/div>\n\t\t<div class=\"elementor-element elementor-element-dc93b29 e-flex e-con-boxed e-con e-child\" data-id=\"dc93b29\" data-element_type=\"container\" data-e-type=\"container\">\n\t\t\t\t\t<div class=\"e-con-inner\">\n\t\t\t\t<div class=\"elementor-element elementor-element-44ba4fc elementor-widget elementor-widget-text-editor\" data-id=\"44ba4fc\" data-element_type=\"widget\" data-e-type=\"widget\" data-widget_type=\"text-editor.default\">\n\t\t\t\t<div class=\"elementor-widget-container\">\n\t\t\t\t\t\t\t\t\t<p>\u00dcks muistne Hiina munk, keda paelus loodus ja selle imed, l\u00f5i vee peal ujuvatest lehtedest keedetud joogi. Jook mitte ainult ei l\u00f5\u00f5gasta, aga avab ka ukse teistesse dimensioonidesse. Inimesed arvavad, et tee on tihedalt seotud looduse ja vaimse maailmaga.<\/p>\n<p>Loydi maagiast saab reaalsus, kus unustatud legend muutub reaalsuseks. Iga lonks teed on r\u00e4nnak l\u00e4bi aja ja ruumi.<br \/>Rohelise tee maitses avastad sa rahulikkuse. Musta tee puhul tunned sa maa j\u00f5udu ja puuviljatee aroomis leiad m\u00e4gede kohal t\u00f5usva p\u00e4ikese l\u00f5hna.<\/p>\n<p>Tee on suurep\u00e4rane s\u00f5ber, mis viib sind kohta, kus aeg aeglustub ja m\u00f5tted kergenduvad.<br \/>See ei ole lihtsalt jook, see on rituaal, mis \u00f5petab meile m\u00f5tisklemise ja olevikus olemise kunsti.<\/p>\n\t\t\t\t\t\t\t\t<\/div>\n\t\t\t\t<\/div>\n\t\t\t\t\t<\/div>\n\t\t\t\t<\/div>\n\t\t\t\t\t<\/div>\n\t\t\t\t<\/div>\n\t\t<div class=\"elementor-element elementor-element-a9d14ec e-flex e-con-boxed e-con e-child\" data-id=\"a9d14ec\" data-element_type=\"container\" data-e-type=\"container\">\n\t\t\t\t\t<div class=\"e-con-inner\">\n\t\t<div class=\"elementor-element elementor-element-e180f0b e-flex e-con-boxed e-con e-child\" data-id=\"e180f0b\" data-element_type=\"container\" data-e-type=\"container\">\n\t\t\t\t\t<div class=\"e-con-inner\">\n\t\t\t\t<div class=\"elementor-element elementor-element-5669533 elementor-widget elementor-widget-text-editor\" data-id=\"5669533\" data-element_type=\"widget\" data-e-type=\"widget\" data-widget_type=\"text-editor.default\">\n\t\t\t\t<div class=\"elementor-widget-container\">\n\t\t\t\t\t\t\t\t\t<p>Tee joomine on ka puhkepaus kiirest argielust, hetk, mille p\u00fchendad ainult endale. Tee on kaaslane vaikseteks \u00f5htuteks ja inspireerivateks vestlusteks. \u00dchte tassi on peidetud maagiline j\u00f5ud, mis taastab meie sisemise rahu.<\/p>\n<p>Suured teemeistrid v\u00e4idavad, et tee on elu kunst. Loyd tee on lihtsates asjades ilu avastamise kunst.<\/p>\n<p>See, et sa v\u00f5id haarata kinni hetkest, t\u00f5mmata korraks hinge ja kostitada end k\u00fcmnete v\u00e4ikeste lonksudega, loob teest meile midagi enamat kui lihtsalt pakendi. See aitab sul m\u00fcrarikkas maailmas rahu leida.<\/p>\n<p>T\u00f5stes tassi huultele, hingad sa aromaatset \u00f5hku. T\u00e4nu Loydile haarab tee maagia oma koha meie s\u00fcdames. Lummavas maitses avastame tee t\u00f5elised koostisosad.<\/p>\n<p>Loyd on maagiline reis, mida pole v\u00f5imalik ette v\u00f5tta, ilma seda maitsmata.<br \/>Kutsume m\u00f5tisklema maagia \u00fcle.<\/p>\n\t\t\t\t\t\t\t\t<\/div>\n\t\t\t\t<\/div>\n\t\t\t\t\t<\/div>\n\t\t\t\t<\/div>\n\t\t<div class=\"elementor-element elementor-element-451bece e-flex e-con-boxed e-con e-child\" data-id=\"451bece\" data-element_type=\"container\" data-e-type=\"container\">\n\t\t\t\t\t<div class=\"e-con-inner\">\n\t\t\t\t<div class=\"elementor-element elementor-element-0060484 elementor-widget elementor-widget-image\" data-id=\"0060484\" data-element_type=\"widget\" data-e-type=\"widget\" data-widget_type=\"image.default\">\n\t\t\t\t<div class=\"elementor-widget-container\">\n\t\t\t\t\t\t\t\t\t\t\t\t\t\t\t<img decoding=\"async\" width=\"800\" height=\"774\" src=\"https:\/\/loydtea.com\/wp-content\/uploads\/2023\/09\/herbaty.png\" class=\"attachment-large size-large wp-image-1879\" alt=\"\" srcset=\"https:\/\/loydtea.com\/wp-content\/uploads\/2023\/09\/herbaty.png 857w, https:\/\/loydtea.com\/wp-content\/uploads\/2023\/09\/herbaty-300x290.png 300w, https:\/\/loydtea.com\/wp-content\/uploads\/2023\/09\/herbaty-768x743.png 768w\" sizes=\"(max-width: 800px) 100vw, 800px\" \/>\t\t\t\t\t\t\t\t\t\t\t\t\t\t\t<\/div>\n\t\t\t\t<\/div>\n\t\t\t\t\t<\/div>\n\t\t\t\t<\/div>\n\t\t\t\t\t<\/div>\n\t\t\t\t<\/div>\n\t\t\t\t\t<\/div>\n\t\t\t\t<\/div>\n\t\t<div class=\"elementor-element elementor-element-7a98b69 e-flex e-con-boxed e-con e-parent\" data-id=\"7a98b69\" data-element_type=\"container\" data-e-type=\"container\" data-settings=\"{&quot;background_background&quot;:&quot;classic&quot;}\">\n\t\t\t\t\t<div class=\"e-con-inner\">\n\t\t\t\t\t<\/div>\n\t\t\t\t<\/div>\n\t\t<div class=\"elementor-element elementor-element-dcf418e e-flex e-con-boxed e-con e-parent\" data-id=\"dcf418e\" data-element_type=\"container\" data-e-type=\"container\" data-settings=\"{&quot;background_background&quot;:&quot;classic&quot;}\">\n\t\t\t\t\t<div class=\"e-con-inner\">\n\t\t<div class=\"elementor-element elementor-element-4445159 e-flex e-con-boxed e-con e-child\" data-id=\"4445159\" data-element_type=\"container\" data-e-type=\"container\">\n\t\t\t\t\t<div class=\"e-con-inner\">\n\t\t<div class=\"elementor-element elementor-element-7b9ef3c e-flex e-con-boxed e-con e-child\" data-id=\"7b9ef3c\" data-element_type=\"container\" data-e-type=\"container\" data-settings=\"{&quot;background_background&quot;:&quot;classic&quot;}\">\n\t\t\t\t\t<div class=\"e-con-inner\">\n\t\t\t\t<div class=\"elementor-element elementor-element-3397fe8 elementor-widget elementor-widget-text-editor\" data-id=\"3397fe8\" data-element_type=\"widget\" data-e-type=\"widget\" data-widget_type=\"text-editor.default\">\n\t\t\t\t<div class=\"elementor-widget-container\">\n\t\t\t\t\t\t\t\t\t<p>LOYD kaubam\u00e4rgi ajalugu, mis p\u00f5hineb aastatepikkusel kogemusel ja koost\u00f6\u00f6l Londoni kuulsa Thompson Lloyd &amp; Edwards&#8217;i teehalliga, on t\u00f5eline lugu kirest, kvaliteedist ja traditsioonidest. See lugu algab 1760. aastal, kui Thompson Lloyd &amp; Edward alustasid oma tegevust Londoni s\u00fcdames, luues ainulaadse maitsega teesid. LOYD kaubam\u00e4rk j\u00e4tkab seda p\u00f5nevat traditsiooni, p\u00fc\u00fcdes pakkuda klientidele k\u00f5rgeimat kvaliteeti, elegantsi ja prestii\u017ei.<\/p>\n<p>LOYDi tootevalikusse kuuluvad mustad, rohelised ja valged teed koos kuivatatud puuviljade ja maitsetaimedega, samuti eksootilised tooted nagu punane tee (rooibos) ja yerba mate. See rikkalik valik v\u00f5imaldab klientidel avastada erinevaid maitseid ja aroome, muutes tee joomise erakordseks elamuseks.<\/p>\n<p>LOYDi teede k\u00f5rge kvaliteet on tooraine hoolika valiku ja t\u00e4iustatud tootmistehnoloogia tulemus. K\u00f5rgeima kvaliteediga tooraine ja tipptasemel p\u00fcramiiditeepakendamismasinad tagavad ainulaadse maitseelamuse. Meil on ranged kvaliteedikriteeriumid ja j\u00e4relevalve kogu tootmisprotsessi \u00fcle. Me hoolitseme tee eest algusest kuni kliendini j\u00f5udmiseni.<br \/>LOYD tee pole mitte ainult maitsev, vaid ka k\u00f5rgeima kvaliteediga.<\/p>\n\t\t\t\t\t\t\t\t<\/div>\n\t\t\t\t<\/div>\n\t\t\t\t\t<\/div>\n\t\t\t\t<\/div>\n\t\t\t\t\t<\/div>\n\t\t\t\t<\/div>\n\t\t<div class=\"elementor-element elementor-element-df16e21 e-flex e-con-boxed e-con e-child\" data-id=\"df16e21\" data-element_type=\"container\" data-e-type=\"container\">\n\t\t\t\t\t<div class=\"e-con-inner\">\n\t\t<div class=\"elementor-element elementor-element-f452d4f e-flex e-con-boxed e-con e-child\" data-id=\"f452d4f\" data-element_type=\"container\" data-e-type=\"container\">\n\t\t\t\t\t<div class=\"e-con-inner\">\n\t\t\t\t<div class=\"elementor-element elementor-element-959e6e3 elementor-widget elementor-widget-image\" data-id=\"959e6e3\" data-element_type=\"widget\" data-e-type=\"widget\" data-widget_type=\"image.default\">\n\t\t\t\t<div class=\"elementor-widget-container\">\n\t\t\t\t\t\t\t\t\t\t\t\t\t\t\t<img decoding=\"async\" width=\"614\" height=\"510\" src=\"https:\/\/loydtea.com\/wp-content\/uploads\/2023\/09\/herbatki.png\" class=\"attachment-large size-large wp-image-3027\" alt=\"\" srcset=\"https:\/\/loydtea.com\/wp-content\/uploads\/2023\/09\/herbatki.png 614w, https:\/\/loydtea.com\/wp-content\/uploads\/2023\/09\/herbatki-300x249.png 300w\" sizes=\"(max-width: 614px) 100vw, 614px\" \/>\t\t\t\t\t\t\t\t\t\t\t\t\t\t\t<\/div>\n\t\t\t\t<\/div>\n\t\t\t\t\t<\/div>\n\t\t\t\t<\/div>\n\t\t<div class=\"elementor-element elementor-element-6a27c4f e-flex e-con-boxed e-con e-child\" data-id=\"6a27c4f\" data-element_type=\"container\" data-e-type=\"container\">\n\t\t\t\t\t<div class=\"e-con-inner\">\n\t\t\t\t<div class=\"elementor-element elementor-element-7d3176e elementor-widget elementor-widget-text-editor\" data-id=\"7d3176e\" data-element_type=\"widget\" data-e-type=\"widget\" data-widget_type=\"text-editor.default\">\n\t\t\t\t<div class=\"elementor-widget-container\">\n\t\t\t\t\t\t\t\t\t<p>LOYDi tegevus peegeldab p\u00fchendumust traditsioonidele ja arenenud tehnoloogiale, v\u00f5imaldades klientidel nautida teed parimal viisil. See on t\u00f5eline kunstiteos, milles on \u00fchendatud maitse, aroom ja elegants. LOYD hoiab j\u00e4tkuvalt latti k\u00f5rgel, pakkudes klientidele ainulaadseid eeliseid, nagu n\u00e4iteks tugevamad maitseelamused, funktsionaalsus ja mugavus valmistamisel. See on midagi enamat kui lihtsalt tee &#8211; see on t\u00f5eline r\u00e4nnak l\u00e4bi maitsete ja aroomide maailma.<\/p>\n\t\t\t\t\t\t\t\t<\/div>\n\t\t\t\t<\/div>\n\t\t\t\t\t<\/div>\n\t\t\t\t<\/div>\n\t\t\t\t\t<\/div>\n\t\t\t\t<\/div>\n\t\t\t\t\t<\/div>\n\t\t\t\t<\/div>\n\t\t\t\t<\/div>\n\t\t","protected":false},"excerpt":{"rendered":"<p>AUHINNAD BR\u00c4ND SERTIFIKAADID BR\u00c4ND Tee on jook, mille juured ulatuvad tagasi erinevatesse kohtades maailmas, kus looduse maagia ja inimeste kujutlusv\u00f5ime p\u00f5imuvad imelistesse lugudesse. Selle juured ulatuvad kaugetesse m\u00e4gistesse ja m\u00fcstilistesse metsadesse, kus ammustel aegadel usuti, et p\u00f5\u00f5sas varjab harmoonia ja tasakaalu saladusi. \u00dcks muistne Hiina munk, keda paelus loodus ja selle imed, l\u00f5i vee peal [&hellip;]<\/p>\n","protected":false},"author":1,"featured_media":0,"parent":0,"menu_order":0,"comment_status":"closed","ping_status":"closed","template":"","meta":{"footnotes":""},"class_list":["post-7357","page","type-page","status-publish","hentry"],"_links":{"self":[{"href":"https:\/\/loydtea.com\/et\/wp-json\/wp\/v2\/pages\/7357","targetHints":{"allow":["GET"]}}],"collection":[{"href":"https:\/\/loydtea.com\/et\/wp-json\/wp\/v2\/pages"}],"about":[{"href":"https:\/\/loydtea.com\/et\/wp-json\/wp\/v2\/types\/page"}],"author":[{"embeddable":true,"href":"https:\/\/loydtea.com\/et\/wp-json\/wp\/v2\/users\/1"}],"replies":[{"embeddable":true,"href":"https:\/\/loydtea.com\/et\/wp-json\/wp\/v2\/comments?post=7357"}],"version-history":[{"count":7,"href":"https:\/\/loydtea.com\/et\/wp-json\/wp\/v2\/pages\/7357\/revisions"}],"predecessor-version":[{"id":11349,"href":"https:\/\/loydtea.com\/et\/wp-json\/wp\/v2\/pages\/7357\/revisions\/11349"}],"wp:attachment":[{"href":"https:\/\/loydtea.com\/et\/wp-json\/wp\/v2\/media?parent=7357"}],"curies":[{"name":"wp","href":"https:\/\/api.w.org\/{rel}","templated":true}]}}